{"id":104242,"date":"2024-05-17T11:16:20","date_gmt":"2024-05-17T09:16:20","guid":{"rendered":"https:\/\/pistonaddict.com\/product\/pontiac-bonneville-brougham-1979\/"},"modified":"2024-05-17T15:57:29","modified_gmt":"2024-05-17T13:57:29","slug":"1979-pontiac-bonneville-brougham","status":"publish","type":"product","link":"https:\/\/pistonaddict.com\/cs\/product\/1979-pontiac-bonneville-brougham\/","title":{"rendered":"Pontiac Bonneville Brougham 1979"},"content":{"rendered":"<p><strong>Historie vozu<\/strong><\/p>\n<p>V nomenklatu\u0159e GM m\u011bl Pontiac Bonneville zvl\u00e1\u0161tn\u00ed m\u00edsto. P\u0159esto\u017ee byl \u00fazce sp\u0159\u00edzn\u011bn s b\u011b\u017en\u011bj\u0161\u00edmi modely Chevrolet Impala a Caprice, jedine\u010dn\u00e9 designov\u00e9 prvky, luxusn\u00ed v\u00fdbava a v\u00fdkonnostn\u00ed v\u00fdbava jej jasn\u011b odli\u0161ovaly od ostatn\u00edch voz\u016f t\u00e9to zna\u010dky. Od uveden\u00ed prvn\u00edho modelu Bonneville v roce 1958 m\u00e1 tato zna\u010dka mezi americk\u00fdmi fanou\u0161ky automobil\u016f zvl\u00e1\u0161tn\u00ed kouzlo. P\u0159esto\u017ee byl Bonneville z roku 1979 m\u00e9n\u011b v\u00fdkonn\u00fd ne\u017e jeho p\u0159edch\u016fdci, byl pova\u017eov\u00e1n za jeden z nejlep\u0161\u00edch sedan\u016f na trhu a za nejlep\u0161\u00ed volbu pro n\u00e1ro\u010dn\u00e9 nad\u0161ence, kte\u0159\u00ed cht\u011bj\u00ed kombinaci luxusu a v\u00fdkonu. Tato \u0161est\u00e1 generace byla p\u0159edstavena v roce 1977 a prod\u00e1vala se do roku 1981, ne\u017e ji GM nahradil men\u0161\u00edm a nep\u0159\u00edli\u0161 atraktivn\u00edm modelem. Proto je tento konkr\u00e9tn\u00ed Bonneville tak zaj\u00edmav\u00fd. Nejen\u017ee je to jeden z posledn\u00edch skute\u010dn\u00fdch sedan\u016f Pontiac, ale je to tak\u00e9 exempl\u00e1\u0159 s jedine\u010dn\u00fdm p\u0159\u00edb\u011bhem a v bezvadn\u00e9m stavu. Vzhledem k tomu, \u017ee se jedn\u00e1 o model Bonneville Brougham (nejvy\u0161\u0161\u00ed model), je tak\u00e9 pom\u011brn\u011b vz\u00e1cn\u00fd a Pontiac ho v dan\u00e9m roce vyrobil jen asi 17 300 kus\u016f. Pod kapotou je na p\u0159\u00e1n\u00ed dod\u00e1van\u00fd osmiv\u00e1lec 350 V8 (5,7 l) o v\u00fdkonu 170 kon\u00ed spojen\u00fd se \u010dty\u0159stup\u0148ovou automatickou p\u0159evodovkou.<\/p>\n<p>Tento konkr\u00e9tn\u00ed exempl\u00e1\u0159 byl p\u016fvodn\u011b prod\u00e1n v Mexiku v roce 1979 a ihned pot\u00e9 dovezen do \u0160pan\u011blska. Proto m\u00e1 tachometr v kilometrech a dal\u0161\u00ed specifick\u00e9 \u00fadaje. Majitel jej dovezl a pou\u017e\u00edval sporadicky, tak\u017ee v\u016fz najel pouze 31 000 km. Sou\u010dasn\u00fd majitel jej z\u00edskal v roce 2019 od rodiny p\u016fvodn\u00edho majitele a vozidlo zrestauroval (lakov\u00e1n\u00ed a n\u011bkolik detail\u016f), \u010d\u00edm\u017e tento vyhled\u00e1van\u00fd sedan uvedl do nov\u00e9ho stavu.<\/p>\n<p><strong>Interi\u00e9r<\/strong><\/p>\n<p>A\u017e usednete za volant Pontiacu Bonneville z roku 1979, va\u0161e p\u0159edstavy o luxusn\u00edm interi\u00e9ru se okam\u017eit\u011b zm\u011bn\u00ed. Masivn\u00ed a pohodln\u00e1 velurov\u00e1 sedadla, spousta vnit\u0159n\u00edho prostoru, chromovan\u00e9 detaily a tichost se nevyrovnaj\u00ed ani mnoha jin\u00fdm voz\u016fm. \u010caloun\u011bn\u00ed a koberce v karamelov\u00e9 barv\u011b dokonale lad\u00ed s d\u0159ev\u011bn\u00fdmi vlo\u017ekami a barvou exteri\u00e9ru a je uk\u00e1zkov\u00fdm p\u0159\u00edkladem detroitsk\u00e9 estetiky konce 70. let. Jedn\u00e1 se tak\u00e9 o dob\u0159e vybaven\u00e9 vozidlo s elektrick\u00fdmi okny a zrc\u00e1tky, automatickou klimatizac\u00ed p\u0159estav\u011bnou na modern\u00ed plyn, stereo syst\u00e9mem a tempomatem. V\u0161e je pln\u011b funk\u010dn\u00ed a bez po\u0161kozen\u00ed.<\/p>\n<p><strong>Stav vozu<\/strong><\/p>\n<p>Tento v\u016fz Bonneville Brougham, kter\u00fd m\u00e1 na tachometru p\u0159esn\u011b 31 619 kilometr\u016f, byl v\u017edy gar\u00e1\u017eov\u00e1n a v dob\u011b nepou\u017e\u00edv\u00e1n\u00ed byl pod unik\u00e1tn\u00edm krytem. Vzhledem k ned\u00e1vn\u00e9mu p\u0159elakov\u00e1n\u00ed v p\u016fvodn\u00ed barv\u011b m\u016f\u017eeme s jistotou \u0159\u00edci, \u017ee vozidlo je ve stavu jako nov\u00e9. Chromovan\u00e9 detaily se lesknou, v\u0161echny ozdobn\u00e9 prvky jsou v perfektn\u00edm stavu a nechyb\u00ed ani p\u016fvodn\u00ed kola a dobov\u00e9 pneumatiky. V dubnu 2024 byl na voze proveden servis, v\u00fdm\u011bna oleje a gener\u00e1ln\u00ed oprava brzd a v roce 2021 byly provedeny n\u011bkter\u00e9 pr\u00e1ce na elektroinstalaci. Vzhledem k po\u010dtu najet\u00fdch kilometr\u016f, stavu a proz\u0159etelnosti by se mohlo jednat o nejlep\u0161\u00ed Bonneville Brougham z roku 1979. Tento v\u016fz pro\u0161el technickou kontrolou ITV, kter\u00e1 je platn\u00e1 do roku 2028.<\/p>\n<p><strong>Exteri\u00e9r a kola<\/strong><\/p>\n<p>Karoserie je po profesion\u00e1ln\u00edm a spr\u00e1vn\u00e9m nov\u00e9m lakov\u00e1n\u00ed v p\u016fvodn\u00ed barv\u011b bezchybn\u00e1. P\u0159elakov\u00e1n\u00ed bylo \u00fasp\u011b\u0161n\u00e9, proto\u017ee karoserie byla dokonale zachoval\u00e1, bez koroze, po\u0161kozen\u00ed nebo oprav. S p\u016fvodn\u00edmi dr\u00e1t\u011bn\u00fdmi koly, majitel namontoval charakteristick\u00e9 a p\u016fvodn\u00ed b\u00edl\u00e9 pneumatiky v roce 2021.<\/p>\n<p><strong>Dokumentace<\/strong><\/p>\n<p>Vozidlo se nach\u00e1z\u00ed ve \u0160pan\u011blsku a je k n\u011bmu p\u0159ilo\u017eena rozs\u00e1hl\u00e1 dokumentace, v\u010detn\u011b doklad\u016f o \u00fadr\u017eb\u011b, dokumentace ze \u0161pan\u011blsk\u00e9 technick\u00e9 prohl\u00eddky, schv\u00e1len\u00ed statusu klasick\u00e9ho vozu atd. Neexistuj\u00ed \u017e\u00e1dn\u00e9 z\u00e1znamy o \u0161kod\u00e1ch, vym\u00e1h\u00e1n\u00ed kr\u00e1de\u017e\u00ed nebo pojistn\u00fdch ud\u00e1lostech. Dokumentace se vztahuje na vozidlo od prvn\u00edho dne a je pln\u00e1 doklad\u016f o v\u00fdjime\u010dn\u00e9 p\u00e9\u010di.<\/p>\n<p><strong>Pod\u00edvejte se na video se studen\u00fdm startem tohoto bezvadn\u00e9ho Pontiacu Bonneville z roku 1979 :<\/strong><\/p>\n<p><iframe title=\"Cold Start Video of the incredible 1979 Pontiac Bonneville\" width=\"1200\" height=\"675\" src=\"https:\/\/www.youtube.com\/embed\/6DKO8uhEkN8?feature=oembed\" frameborder=\"0\" allow=\"accelerometer; autoplay; clipboard-write; encrypted-media; gyroscope; picture-in-picture; web-share\" referrerpolicy=\"strict-origin-when-cross-origin\" allowfullscreen><\/iframe><\/p>\n","protected":false},"excerpt":{"rendered":"<p>Do historie automobil\u016f se Pontiac zapsal jako vzru\u0161uj\u00edc\u00ed zna\u010dka GM s \u0159adou v\u00fdkonn\u00fdch svalnat\u00fdch voz\u016f, elegantn\u00edmi tvary a inovativn\u00edm designem. Model Bonneville z roku 1979 stoj\u00ed na vrcholu modelov\u00e9 \u0159ady a p\u0159edstavuje konec jedn\u00e9 \u00e9ry sedan\u016f pln\u00e9 velikosti. Tento sedan s nep\u0159ekonateln\u00fdm stylem, velk\u00fdm prostorem a \u0159adou luxusn\u00edch prvk\u016f je uk\u00e1zkov\u00fdm p\u0159\u00edkladem klasick\u00e9ho americk\u00e9ho automobilu.<\/p>\n","protected":false},"featured_media":104282,"comment_status":"open","ping_status":"closed","template":"","meta":{"inline_featured_image":false},"product_cat":[760],"product_tag":[3981,4046,929],"acf":[],"yoast_head":"<!-- This site is optimized with the Yoast SEO plugin v22.5 - https:\/\/yoast.com\/wordpress\/plugins\/seo\/ -->\n<title>Pontiac Bonneville Brougham 1979 - Piston Addict<\/title>\n<meta name=\"robots\" content=\"index, follow, max-snippet:-1, max-image-preview:large, max-video-preview:-1\" \/>\n<link rel=\"canonical\" href=\"https:\/\/pistonaddict.com\/cs\/product\/1979-pontiac-bonneville-brougham\/\" \/>\n<meta property=\"og:locale\" content=\"cs_CZ\" \/>\n<meta property=\"og:type\" content=\"article\" \/>\n<meta property=\"og:title\" content=\"Pontiac Bonneville Brougham 1979 - Piston Addict\" \/>\n<meta property=\"og:description\" content=\"Do historie automobil\u016f se Pontiac zapsal jako vzru\u0161uj\u00edc\u00ed zna\u010dka GM s \u0159adou v\u00fdkonn\u00fdch svalnat\u00fdch voz\u016f, elegantn\u00edmi tvary a inovativn\u00edm designem. Model Bonneville z roku 1979 stoj\u00ed na vrcholu modelov\u00e9 \u0159ady a p\u0159edstavuje konec jedn\u00e9 \u00e9ry sedan\u016f pln\u00e9 velikosti. Tento sedan s nep\u0159ekonateln\u00fdm stylem, velk\u00fdm prostorem a \u0159adou luxusn\u00edch prvk\u016f je uk\u00e1zkov\u00fdm p\u0159\u00edkladem klasick\u00e9ho americk\u00e9ho automobilu.\" \/>\n<meta property=\"og:url\" content=\"https:\/\/pistonaddict.com\/cs\/product\/1979-pontiac-bonneville-brougham\/\" \/>\n<meta property=\"og:site_name\" content=\"Piston Addict\" \/>\n<meta property=\"article:modified_time\" content=\"2024-05-17T13:57:29+00:00\" \/>\n<meta property=\"og:image\" content=\"https:\/\/pistonaddict.com\/wp-content\/uploads\/2024\/05\/5a7bfe0d-cda7-49a4-89d2-85a67cfe2d90-1.jpg\" \/>\n\t<meta property=\"og:image:width\" content=\"2016\" \/>\n\t<meta property=\"og:image:height\" content=\"1134\" \/>\n\t<meta property=\"og:image:type\" content=\"image\/jpeg\" \/>\n<meta name=\"twitter:card\" content=\"summary_large_image\" \/>\n<meta name=\"twitter:label1\" content=\"Odhadovan\u00e1 doba \u010dten\u00ed\" \/>\n\t<meta name=\"twitter:data1\" content=\"4 minuty\" \/>\n<script type=\"application\/ld+json\" class=\"yoast-schema-graph\">{\"@context\":\"https:\/\/schema.org\",\"@graph\":[{\"@type\":\"WebPage\",\"@id\":\"https:\/\/pistonaddict.com\/cs\/product\/1979-pontiac-bonneville-brougham\/\",\"url\":\"https:\/\/pistonaddict.com\/cs\/product\/1979-pontiac-bonneville-brougham\/\",\"name\":\"Pontiac Bonneville Brougham 1979 - Piston Addict\",\"isPartOf\":{\"@id\":\"https:\/\/pistonaddict.com\/cs\/#website\"},\"primaryImageOfPage\":{\"@id\":\"https:\/\/pistonaddict.com\/cs\/product\/1979-pontiac-bonneville-brougham\/#primaryimage\"},\"image\":{\"@id\":\"https:\/\/pistonaddict.com\/cs\/product\/1979-pontiac-bonneville-brougham\/#primaryimage\"},\"thumbnailUrl\":\"https:\/\/pistonaddict.com\/wp-content\/uploads\/2024\/05\/5a7bfe0d-cda7-49a4-89d2-85a67cfe2d90-1.jpg\",\"datePublished\":\"2024-05-17T09:16:20+00:00\",\"dateModified\":\"2024-05-17T13:57:29+00:00\",\"breadcrumb\":{\"@id\":\"https:\/\/pistonaddict.com\/cs\/product\/1979-pontiac-bonneville-brougham\/#breadcrumb\"},\"inLanguage\":\"cs\",\"potentialAction\":[{\"@type\":\"ReadAction\",\"target\":[\"https:\/\/pistonaddict.com\/cs\/product\/1979-pontiac-bonneville-brougham\/\"]}]},{\"@type\":\"ImageObject\",\"inLanguage\":\"cs\",\"@id\":\"https:\/\/pistonaddict.com\/cs\/product\/1979-pontiac-bonneville-brougham\/#primaryimage\",\"url\":\"https:\/\/pistonaddict.com\/wp-content\/uploads\/2024\/05\/5a7bfe0d-cda7-49a4-89d2-85a67cfe2d90-1.jpg\",\"contentUrl\":\"https:\/\/pistonaddict.com\/wp-content\/uploads\/2024\/05\/5a7bfe0d-cda7-49a4-89d2-85a67cfe2d90-1.jpg\",\"width\":2016,\"height\":1134},{\"@type\":\"BreadcrumbList\",\"@id\":\"https:\/\/pistonaddict.com\/cs\/product\/1979-pontiac-bonneville-brougham\/#breadcrumb\",\"itemListElement\":[{\"@type\":\"ListItem\",\"position\":1,\"name\":\"Domovsk\u00e1 str\u00e1nka\",\"item\":\"https:\/\/pistonaddict.com\/cs\/domovska-stranka-2\/\"},{\"@type\":\"ListItem\",\"position\":2,\"name\":\"Auctions\",\"item\":\"https:\/\/pistonaddict.com\/auctions-listing\/\"},{\"@type\":\"ListItem\",\"position\":3,\"name\":\"Pontiac Bonneville Brougham 1979\"}]},{\"@type\":\"WebSite\",\"@id\":\"https:\/\/pistonaddict.com\/cs\/#website\",\"url\":\"https:\/\/pistonaddict.com\/cs\/\",\"name\":\"Piston Addict\",\"description\":\"Only interesting vehicles\",\"publisher\":{\"@id\":\"https:\/\/pistonaddict.com\/cs\/#organization\"},\"potentialAction\":[{\"@type\":\"SearchAction\",\"target\":{\"@type\":\"EntryPoint\",\"urlTemplate\":\"https:\/\/pistonaddict.com\/cs\/?s={search_term_string}\"},\"query-input\":\"required name=search_term_string\"}],\"inLanguage\":\"cs\"},{\"@type\":\"Organization\",\"@id\":\"https:\/\/pistonaddict.com\/cs\/#organization\",\"name\":\"Piston Addict\",\"url\":\"https:\/\/pistonaddict.com\/cs\/\",\"logo\":{\"@type\":\"ImageObject\",\"inLanguage\":\"cs\",\"@id\":\"https:\/\/pistonaddict.com\/cs\/#\/schema\/logo\/image\/\",\"url\":\"https:\/\/pistonaddict.com\/wp-content\/uploads\/2022\/07\/logo-6.png\",\"contentUrl\":\"https:\/\/pistonaddict.com\/wp-content\/uploads\/2022\/07\/logo-6.png\",\"width\":970,\"height\":200,\"caption\":\"Piston Addict\"},\"image\":{\"@id\":\"https:\/\/pistonaddict.com\/cs\/#\/schema\/logo\/image\/\"}}]}<\/script>\n<!-- \/ Yoast SEO plugin. -->","yoast_head_json":{"title":"Pontiac Bonneville Brougham 1979 - Piston Addict","robots":{"index":"index","follow":"follow","max-snippet":"max-snippet:-1","max-image-preview":"max-image-preview:large","max-video-preview":"max-video-preview:-1"},"canonical":"https:\/\/pistonaddict.com\/cs\/product\/1979-pontiac-bonneville-brougham\/","og_locale":"cs_CZ","og_type":"article","og_title":"Pontiac Bonneville Brougham 1979 - Piston Addict","og_description":"Do historie automobil\u016f se Pontiac zapsal jako vzru\u0161uj\u00edc\u00ed zna\u010dka GM s \u0159adou v\u00fdkonn\u00fdch svalnat\u00fdch voz\u016f, elegantn\u00edmi tvary a inovativn\u00edm designem. Model Bonneville z roku 1979 stoj\u00ed na vrcholu modelov\u00e9 \u0159ady a p\u0159edstavuje konec jedn\u00e9 \u00e9ry sedan\u016f pln\u00e9 velikosti. Tento sedan s nep\u0159ekonateln\u00fdm stylem, velk\u00fdm prostorem a \u0159adou luxusn\u00edch prvk\u016f je uk\u00e1zkov\u00fdm p\u0159\u00edkladem klasick\u00e9ho americk\u00e9ho automobilu.","og_url":"https:\/\/pistonaddict.com\/cs\/product\/1979-pontiac-bonneville-brougham\/","og_site_name":"Piston Addict","article_modified_time":"2024-05-17T13:57:29+00:00","og_image":[{"width":2016,"height":1134,"url":"https:\/\/pistonaddict.com\/wp-content\/uploads\/2024\/05\/5a7bfe0d-cda7-49a4-89d2-85a67cfe2d90-1.jpg","type":"image\/jpeg"}],"twitter_card":"summary_large_image","twitter_misc":{"Odhadovan\u00e1 doba \u010dten\u00ed":"4 minuty"},"schema":{"@context":"https:\/\/schema.org","@graph":[{"@type":"WebPage","@id":"https:\/\/pistonaddict.com\/cs\/product\/1979-pontiac-bonneville-brougham\/","url":"https:\/\/pistonaddict.com\/cs\/product\/1979-pontiac-bonneville-brougham\/","name":"Pontiac Bonneville Brougham 1979 - Piston Addict","isPartOf":{"@id":"https:\/\/pistonaddict.com\/cs\/#website"},"primaryImageOfPage":{"@id":"https:\/\/pistonaddict.com\/cs\/product\/1979-pontiac-bonneville-brougham\/#primaryimage"},"image":{"@id":"https:\/\/pistonaddict.com\/cs\/product\/1979-pontiac-bonneville-brougham\/#primaryimage"},"thumbnailUrl":"https:\/\/pistonaddict.com\/wp-content\/uploads\/2024\/05\/5a7bfe0d-cda7-49a4-89d2-85a67cfe2d90-1.jpg","datePublished":"2024-05-17T09:16:20+00:00","dateModified":"2024-05-17T13:57:29+00:00","breadcrumb":{"@id":"https:\/\/pistonaddict.com\/cs\/product\/1979-pontiac-bonneville-brougham\/#breadcrumb"},"inLanguage":"cs","potentialAction":[{"@type":"ReadAction","target":["https:\/\/pistonaddict.com\/cs\/product\/1979-pontiac-bonneville-brougham\/"]}]},{"@type":"ImageObject","inLanguage":"cs","@id":"https:\/\/pistonaddict.com\/cs\/product\/1979-pontiac-bonneville-brougham\/#primaryimage","url":"https:\/\/pistonaddict.com\/wp-content\/uploads\/2024\/05\/5a7bfe0d-cda7-49a4-89d2-85a67cfe2d90-1.jpg","contentUrl":"https:\/\/pistonaddict.com\/wp-content\/uploads\/2024\/05\/5a7bfe0d-cda7-49a4-89d2-85a67cfe2d90-1.jpg","width":2016,"height":1134},{"@type":"BreadcrumbList","@id":"https:\/\/pistonaddict.com\/cs\/product\/1979-pontiac-bonneville-brougham\/#breadcrumb","itemListElement":[{"@type":"ListItem","position":1,"name":"Domovsk\u00e1 str\u00e1nka","item":"https:\/\/pistonaddict.com\/cs\/domovska-stranka-2\/"},{"@type":"ListItem","position":2,"name":"Auctions","item":"https:\/\/pistonaddict.com\/auctions-listing\/"},{"@type":"ListItem","position":3,"name":"Pontiac Bonneville Brougham 1979"}]},{"@type":"WebSite","@id":"https:\/\/pistonaddict.com\/cs\/#website","url":"https:\/\/pistonaddict.com\/cs\/","name":"Piston Addict","description":"Only interesting vehicles","publisher":{"@id":"https:\/\/pistonaddict.com\/cs\/#organization"},"potentialAction":[{"@type":"SearchAction","target":{"@type":"EntryPoint","urlTemplate":"https:\/\/pistonaddict.com\/cs\/?s={search_term_string}"},"query-input":"required name=search_term_string"}],"inLanguage":"cs"},{"@type":"Organization","@id":"https:\/\/pistonaddict.com\/cs\/#organization","name":"Piston Addict","url":"https:\/\/pistonaddict.com\/cs\/","logo":{"@type":"ImageObject","inLanguage":"cs","@id":"https:\/\/pistonaddict.com\/cs\/#\/schema\/logo\/image\/","url":"https:\/\/pistonaddict.com\/wp-content\/uploads\/2022\/07\/logo-6.png","contentUrl":"https:\/\/pistonaddict.com\/wp-content\/uploads\/2022\/07\/logo-6.png","width":970,"height":200,"caption":"Piston Addict"},"image":{"@id":"https:\/\/pistonaddict.com\/cs\/#\/schema\/logo\/image\/"}}]}},"_links":{"self":[{"href":"https:\/\/pistonaddict.com\/cs\/wp-json\/wp\/v2\/product\/104242"}],"collection":[{"href":"https:\/\/pistonaddict.com\/cs\/wp-json\/wp\/v2\/product"}],"about":[{"href":"https:\/\/pistonaddict.com\/cs\/wp-json\/wp\/v2\/types\/product"}],"replies":[{"embeddable":true,"href":"https:\/\/pistonaddict.com\/cs\/wp-json\/wp\/v2\/comments?post=104242"}],"wp:featuredmedia":[{"embeddable":true,"href":"https:\/\/pistonaddict.com\/cs\/wp-json\/wp\/v2\/media\/104282"}],"wp:attachment":[{"href":"https:\/\/pistonaddict.com\/cs\/wp-json\/wp\/v2\/media?parent=104242"}],"wp:term":[{"taxonomy":"product_cat","embeddable":true,"href":"https:\/\/pistonaddict.com\/cs\/wp-json\/wp\/v2\/product_cat?post=104242"},{"taxonomy":"product_tag","embeddable":true,"href":"https:\/\/pistonaddict.com\/cs\/wp-json\/wp\/v2\/product_tag?post=104242"}],"curies":[{"name":"wp","href":"https:\/\/api.w.org\/{rel}","templated":true}]}}