{"id":51254,"date":"2022-04-28T09:17:25","date_gmt":"2022-04-28T07:17:25","guid":{"rendered":"https:\/\/pistonaddict.com\/domovska-stranka-2\/"},"modified":"2024-05-17T17:25:34","modified_gmt":"2024-05-17T15:25:34","slug":"domovska-stranka-2","status":"publish","type":"page","link":"https:\/\/pistonaddict.com\/cs\/","title":{"rendered":"Domovsk\u00e1 str\u00e1nka"},"content":{"rendered":"","protected":false},"excerpt":{"rendered":"","protected":false},"author":1,"featured_media":0,"parent":0,"menu_order":0,"comment_status":"closed","ping_status":"closed","template":"template-parts\/tpl-accueil.php","meta":{"inline_featured_image":false,"footnotes":""},"acf":[],"yoast_head":"<!-- This site is optimized with the Yoast SEO plugin v22.5 - https:\/\/yoast.com\/wordpress\/plugins\/seo\/ -->\n<title>Piston Addict : Tr\u017ei\u0161t\u011b online aukc\u00ed automobil\u016f<\/title>\n<meta name=\"description\" content=\"Piston Addict auctions je mezin\u00e1rodn\u00ed tr\u017ei\u0161t\u011b historick\u00fdch a klasick\u00fdch vozidel. Prod\u00e1vejte a nakupujte v aukc\u00edch vozidla sv\u00fdch sn\u016f na Piston Addict, pouze zaj\u00edmav\u00e1 vozidla, od historick\u00fdch motocykl\u016f po hyperauta. M\u016f\u017eete se tak\u00e9 informovat o sv\u00e9m p\u0159\u00ed\u0161t\u00edm vozidle prost\u0159ednictv\u00edm \u010dl\u00e1nk\u016f o automobilech na Piston Addict, kter\u00e9 p\u00ed\u0161\u00ed na\u0161i automobilov\u00ed novin\u00e1\u0159i, a kl\u00e1st ot\u00e1zky komunit\u011b Piston Addict.\" \/>\n<meta name=\"robots\" content=\"index, follow, max-snippet:-1, max-image-preview:large, max-video-preview:-1\" \/>\n<link rel=\"canonical\" href=\"https:\/\/pistonaddict.com\/cs\/\" \/>\n<meta property=\"og:locale\" content=\"cs_CZ\" \/>\n<meta property=\"og:type\" content=\"article\" \/>\n<meta property=\"og:title\" content=\"Piston Addict : Tr\u017ei\u0161t\u011b online aukc\u00ed automobil\u016f\" \/>\n<meta property=\"og:description\" content=\"Piston Addict auctions je mezin\u00e1rodn\u00ed tr\u017ei\u0161t\u011b historick\u00fdch a klasick\u00fdch vozidel. Prod\u00e1vejte a nakupujte v aukc\u00edch vozidla sv\u00fdch sn\u016f na Piston Addict, pouze zaj\u00edmav\u00e1 vozidla, od historick\u00fdch motocykl\u016f po hyperauta. M\u016f\u017eete se tak\u00e9 informovat o sv\u00e9m p\u0159\u00ed\u0161t\u00edm vozidle prost\u0159ednictv\u00edm \u010dl\u00e1nk\u016f o automobilech na Piston Addict, kter\u00e9 p\u00ed\u0161\u00ed na\u0161i automobilov\u00ed novin\u00e1\u0159i, a kl\u00e1st ot\u00e1zky komunit\u011b Piston Addict.\" \/>\n<meta property=\"og:url\" content=\"https:\/\/pistonaddict.com\/cs\/\" \/>\n<meta property=\"og:site_name\" content=\"Piston Addict\" \/>\n<meta property=\"article:modified_time\" content=\"2024-05-17T15:25:34+00:00\" \/>\n<meta name=\"twitter:card\" content=\"summary_large_image\" \/>\n<script type=\"application\/ld+json\" class=\"yoast-schema-graph\">{\"@context\":\"https:\/\/schema.org\",\"@graph\":[{\"@type\":\"WebPage\",\"@id\":\"https:\/\/pistonaddict.com\/cs\/\",\"url\":\"https:\/\/pistonaddict.com\/cs\/\",\"name\":\"Piston Addict : Tr\u017ei\u0161t\u011b online aukc\u00ed automobil\u016f\",\"isPartOf\":{\"@id\":\"https:\/\/pistonaddict.com\/cs\/#website\"},\"datePublished\":\"2022-04-28T07:17:25+00:00\",\"dateModified\":\"2024-05-17T15:25:34+00:00\",\"description\":\"Piston Addict auctions je mezin\u00e1rodn\u00ed tr\u017ei\u0161t\u011b historick\u00fdch a klasick\u00fdch vozidel. Prod\u00e1vejte a nakupujte v aukc\u00edch vozidla sv\u00fdch sn\u016f na Piston Addict, pouze zaj\u00edmav\u00e1 vozidla, od historick\u00fdch motocykl\u016f po hyperauta. M\u016f\u017eete se tak\u00e9 informovat o sv\u00e9m p\u0159\u00ed\u0161t\u00edm vozidle prost\u0159ednictv\u00edm \u010dl\u00e1nk\u016f o automobilech na Piston Addict, kter\u00e9 p\u00ed\u0161\u00ed na\u0161i automobilov\u00ed novin\u00e1\u0159i, a kl\u00e1st ot\u00e1zky komunit\u011b Piston Addict.\",\"breadcrumb\":{\"@id\":\"https:\/\/pistonaddict.com\/cs\/#breadcrumb\"},\"inLanguage\":\"cs\",\"potentialAction\":[{\"@type\":\"ReadAction\",\"target\":[\"https:\/\/pistonaddict.com\/cs\/\"]}]},{\"@type\":\"BreadcrumbList\",\"@id\":\"https:\/\/pistonaddict.com\/cs\/#breadcrumb\",\"itemListElement\":[{\"@type\":\"ListItem\",\"position\":1,\"name\":\"Domovsk\u00e1 str\u00e1nka\",\"item\":\"https:\/\/pistonaddict.com\/cs\/domovska-stranka-2\/\"},{\"@type\":\"ListItem\",\"position\":2,\"name\":\"Domovsk\u00e1 str\u00e1nka\"}]},{\"@type\":\"WebSite\",\"@id\":\"https:\/\/pistonaddict.com\/cs\/#website\",\"url\":\"https:\/\/pistonaddict.com\/cs\/\",\"name\":\"Piston Addict\",\"description\":\"Only interesting vehicles\",\"publisher\":{\"@id\":\"https:\/\/pistonaddict.com\/cs\/#organization\"},\"potentialAction\":[{\"@type\":\"SearchAction\",\"target\":{\"@type\":\"EntryPoint\",\"urlTemplate\":\"https:\/\/pistonaddict.com\/cs\/?s={search_term_string}\"},\"query-input\":\"required name=search_term_string\"}],\"inLanguage\":\"cs\"},{\"@type\":\"Organization\",\"@id\":\"https:\/\/pistonaddict.com\/cs\/#organization\",\"name\":\"Piston Addict\",\"url\":\"https:\/\/pistonaddict.com\/cs\/\",\"logo\":{\"@type\":\"ImageObject\",\"inLanguage\":\"cs\",\"@id\":\"https:\/\/pistonaddict.com\/cs\/#\/schema\/logo\/image\/\",\"url\":\"https:\/\/pistonaddict.com\/wp-content\/uploads\/2022\/07\/logo-6.png\",\"contentUrl\":\"https:\/\/pistonaddict.com\/wp-content\/uploads\/2022\/07\/logo-6.png\",\"width\":970,\"height\":200,\"caption\":\"Piston Addict\"},\"image\":{\"@id\":\"https:\/\/pistonaddict.com\/cs\/#\/schema\/logo\/image\/\"}}]}<\/script>\n<!-- \/ Yoast SEO plugin. -->","yoast_head_json":{"title":"Piston Addict : Tr\u017ei\u0161t\u011b online aukc\u00ed automobil\u016f","description":"Piston Addict auctions je mezin\u00e1rodn\u00ed tr\u017ei\u0161t\u011b historick\u00fdch a klasick\u00fdch vozidel. Prod\u00e1vejte a nakupujte v aukc\u00edch vozidla sv\u00fdch sn\u016f na Piston Addict, pouze zaj\u00edmav\u00e1 vozidla, od historick\u00fdch motocykl\u016f po hyperauta. M\u016f\u017eete se tak\u00e9 informovat o sv\u00e9m p\u0159\u00ed\u0161t\u00edm vozidle prost\u0159ednictv\u00edm \u010dl\u00e1nk\u016f o automobilech na Piston Addict, kter\u00e9 p\u00ed\u0161\u00ed na\u0161i automobilov\u00ed novin\u00e1\u0159i, a kl\u00e1st ot\u00e1zky komunit\u011b Piston Addict.","robots":{"index":"index","follow":"follow","max-snippet":"max-snippet:-1","max-image-preview":"max-image-preview:large","max-video-preview":"max-video-preview:-1"},"canonical":"https:\/\/pistonaddict.com\/cs\/","og_locale":"cs_CZ","og_type":"article","og_title":"Piston Addict : Tr\u017ei\u0161t\u011b online aukc\u00ed automobil\u016f","og_description":"Piston Addict auctions je mezin\u00e1rodn\u00ed tr\u017ei\u0161t\u011b historick\u00fdch a klasick\u00fdch vozidel. Prod\u00e1vejte a nakupujte v aukc\u00edch vozidla sv\u00fdch sn\u016f na Piston Addict, pouze zaj\u00edmav\u00e1 vozidla, od historick\u00fdch motocykl\u016f po hyperauta. M\u016f\u017eete se tak\u00e9 informovat o sv\u00e9m p\u0159\u00ed\u0161t\u00edm vozidle prost\u0159ednictv\u00edm \u010dl\u00e1nk\u016f o automobilech na Piston Addict, kter\u00e9 p\u00ed\u0161\u00ed na\u0161i automobilov\u00ed novin\u00e1\u0159i, a kl\u00e1st ot\u00e1zky komunit\u011b Piston Addict.","og_url":"https:\/\/pistonaddict.com\/cs\/","og_site_name":"Piston Addict","article_modified_time":"2024-05-17T15:25:34+00:00","twitter_card":"summary_large_image","schema":{"@context":"https:\/\/schema.org","@graph":[{"@type":"WebPage","@id":"https:\/\/pistonaddict.com\/cs\/","url":"https:\/\/pistonaddict.com\/cs\/","name":"Piston Addict : Tr\u017ei\u0161t\u011b online aukc\u00ed automobil\u016f","isPartOf":{"@id":"https:\/\/pistonaddict.com\/cs\/#website"},"datePublished":"2022-04-28T07:17:25+00:00","dateModified":"2024-05-17T15:25:34+00:00","description":"Piston Addict auctions je mezin\u00e1rodn\u00ed tr\u017ei\u0161t\u011b historick\u00fdch a klasick\u00fdch vozidel. Prod\u00e1vejte a nakupujte v aukc\u00edch vozidla sv\u00fdch sn\u016f na Piston Addict, pouze zaj\u00edmav\u00e1 vozidla, od historick\u00fdch motocykl\u016f po hyperauta. M\u016f\u017eete se tak\u00e9 informovat o sv\u00e9m p\u0159\u00ed\u0161t\u00edm vozidle prost\u0159ednictv\u00edm \u010dl\u00e1nk\u016f o automobilech na Piston Addict, kter\u00e9 p\u00ed\u0161\u00ed na\u0161i automobilov\u00ed novin\u00e1\u0159i, a kl\u00e1st ot\u00e1zky komunit\u011b Piston Addict.","breadcrumb":{"@id":"https:\/\/pistonaddict.com\/cs\/#breadcrumb"},"inLanguage":"cs","potentialAction":[{"@type":"ReadAction","target":["https:\/\/pistonaddict.com\/cs\/"]}]},{"@type":"BreadcrumbList","@id":"https:\/\/pistonaddict.com\/cs\/#breadcrumb","itemListElement":[{"@type":"ListItem","position":1,"name":"Domovsk\u00e1 str\u00e1nka","item":"https:\/\/pistonaddict.com\/cs\/domovska-stranka-2\/"},{"@type":"ListItem","position":2,"name":"Domovsk\u00e1 str\u00e1nka"}]},{"@type":"WebSite","@id":"https:\/\/pistonaddict.com\/cs\/#website","url":"https:\/\/pistonaddict.com\/cs\/","name":"Piston Addict","description":"Only interesting vehicles","publisher":{"@id":"https:\/\/pistonaddict.com\/cs\/#organization"},"potentialAction":[{"@type":"SearchAction","target":{"@type":"EntryPoint","urlTemplate":"https:\/\/pistonaddict.com\/cs\/?s={search_term_string}"},"query-input":"required name=search_term_string"}],"inLanguage":"cs"},{"@type":"Organization","@id":"https:\/\/pistonaddict.com\/cs\/#organization","name":"Piston Addict","url":"https:\/\/pistonaddict.com\/cs\/","logo":{"@type":"ImageObject","inLanguage":"cs","@id":"https:\/\/pistonaddict.com\/cs\/#\/schema\/logo\/image\/","url":"https:\/\/pistonaddict.com\/wp-content\/uploads\/2022\/07\/logo-6.png","contentUrl":"https:\/\/pistonaddict.com\/wp-content\/uploads\/2022\/07\/logo-6.png","width":970,"height":200,"caption":"Piston Addict"},"image":{"@id":"https:\/\/pistonaddict.com\/cs\/#\/schema\/logo\/image\/"}}]}},"_links":{"self":[{"href":"https:\/\/pistonaddict.com\/cs\/wp-json\/wp\/v2\/pages\/51254"}],"collection":[{"href":"https:\/\/pistonaddict.com\/cs\/wp-json\/wp\/v2\/pages"}],"about":[{"href":"https:\/\/pistonaddict.com\/cs\/wp-json\/wp\/v2\/types\/page"}],"author":[{"embeddable":true,"href":"https:\/\/pistonaddict.com\/cs\/wp-json\/wp\/v2\/users\/1"}],"replies":[{"embeddable":true,"href":"https:\/\/pistonaddict.com\/cs\/wp-json\/wp\/v2\/comments?post=51254"}],"version-history":[{"count":1,"href":"https:\/\/pistonaddict.com\/cs\/wp-json\/wp\/v2\/pages\/51254\/revisions"}],"predecessor-version":[{"id":80969,"href":"https:\/\/pistonaddict.com\/cs\/wp-json\/wp\/v2\/pages\/51254\/revisions\/80969"}],"wp:attachment":[{"href":"https:\/\/pistonaddict.com\/cs\/wp-json\/wp\/v2\/media?parent=51254"}],"curies":[{"name":"wp","href":"https:\/\/api.w.org\/{rel}","templated":true}]}}