{"id":3053,"date":"2022-04-29T11:20:06","date_gmt":"2022-04-29T09:20:06","guid":{"rendered":"https:\/\/pistonaddict.com\/pravidla-komentaru\/"},"modified":"2023-02-05T11:11:44","modified_gmt":"2023-02-05T10:11:44","slug":"pravidla-komentaru","status":"publish","type":"page","link":"https:\/\/pistonaddict.com\/cs\/pravidla-komentaru\/","title":{"rendered":"Pravidla koment\u00e1\u0159e"},"content":{"rendered":"\t\t<div data-elementor-type=\"wp-page\" data-elementor-id=\"3053\" class=\"elementor elementor-3053 elementor-3043\">\n\t\t\t\t\t\t<section class=\"elementor-section elementor-top-section elementor-element elementor-element-01b8fa5 elementor-section-boxed elementor-section-height-default elementor-section-height-default\" data-id=\"01b8fa5\" data-element_type=\"section\">\n\t\t\t\t\t\t<div class=\"elementor-container elementor-column-gap-default\">\n\t\t\t\t\t<div class=\"elementor-column elementor-col-100 elementor-top-column elementor-element elementor-element-19e2c1c\" data-id=\"19e2c1c\" data-element_type=\"column\">\n\t\t\t<div class=\"elementor-widget-wrap elementor-element-populated\">\n\t\t\t\t\t\t<div class=\"elementor-element elementor-element-9413b6d elementor-widget elementor-widget-text-editor\" data-id=\"9413b6d\" data-element_type=\"widget\" data-widget_type=\"text-editor.default\">\n\t\t\t\t<div class=\"elementor-widget-container\">\n\t\t\t<style>\/*! elementor - v3.21.0 - 18-04-2024 *\/\n.elementor-widget-text-editor.elementor-drop-cap-view-stacked .elementor-drop-cap{background-color:#69727d;color:#fff}.elementor-widget-text-editor.elementor-drop-cap-view-framed .elementor-drop-cap{color:#69727d;border:3px solid;background-color:transparent}.elementor-widget-text-editor:not(.elementor-drop-cap-view-default) .elementor-drop-cap{margin-top:8px}.elementor-widget-text-editor:not(.elementor-drop-cap-view-default) .elementor-drop-cap-letter{width:1em;height:1em}.elementor-widget-text-editor .elementor-drop-cap{float:left;text-align:center;line-height:1;font-size:50px}.elementor-widget-text-editor .elementor-drop-cap-letter{display:inline-block}<\/style>\t\t\t\t<\/p>\n<h2> <\/h2>\n<h2>Pravidlo 1. Bu\u010fte konstruktivn\u00ed a ne negativn\u00ed<\/h2>\n<p>Je jednodu\u0161\u0161\u00ed \u0159\u00edct, \u017ee se v\u00e1m n\u011bco nel\u00edb\u00ed, a n\u011bkdy to m\u016f\u017ee b\u00fdt opr\u00e1vn\u011bn\u00e9. Na druhou stranu je cenn\u011bj\u0161\u00ed \u0159\u00edci, jak byste to mohli zlep\u0161it, skute\u010dnou p\u0159idanou hodnotu m\u00e1, kdy\u017e m\u016f\u017eete specifikovat, co je \u0161patn\u011b a jak to zkr\u00e1\u0161lit.<\/p>\n<h2> <\/h2>\n<h2>Pravidlo 2. Zku\u0161enosti v\u00edt\u011bz\u00ed<\/h2>\n<p>Ostatn\u00ed \u010dten\u00e1\u0159e zaj\u00edm\u00e1 v\u00e1\u0161 n\u00e1zor mnohem v\u00edce, pokud vych\u00e1z\u00ed z relevantn\u00edch zku\u0161enost\u00ed. Pokud zn\u00e1te historii konkr\u00e9tn\u00edho vozidla nebo toho v\u00edte hodn\u011b o konkr\u00e9tn\u00ed zna\u010dce \u010di modelu, je mnohem pravd\u011bpodobn\u011bj\u0161\u00ed, \u017ee v\u00e1s zaujme.<\/p>\n<h2> <\/h2>\n<h2>Pravidlo 3. Mluvte o autech, ne o ostatn\u00edch<\/h2>\n<p>Ka\u017ed\u00fd m\u00e1 pr\u00e1vo m\u00edt sv\u016fj n\u00e1zor, i kdy\u017e s n\u00edm nesouhlas\u00edte. Kritika charakteru, vkusu nebo obecn\u00e9 povahy ostatn\u00edch \u010dlen\u016f nen\u00ed na m\u00edst\u011b.<\/p>\n<h2> <\/h2>\n<h2>Pravidlo 4. Cenu ur\u010duje trh<\/h2>\n<p>Piston Addict je voln\u00fd trh, kde cenu ur\u010duje prod\u00e1vaj\u00edc\u00ed a kupuj\u00edc\u00ed, tak\u017ee tvrzen\u00ed, \u017ee je n\u011bco p\u0159\u00edli\u0161 drah\u00e9 nebo p\u0159\u00edli\u0161 levn\u00e9, v\u016fbec nic neznamen\u00e1. Polo\u017eka m\u00e1 takovou hodnotu, jakou je n\u011bkdo ochoten zaplatit.<\/p>\n<h2> <\/h2>\n<h2>Pravidlo 5. Pokud jste si nep\u0159e\u010detli v\u0161echny ostatn\u00ed koment\u00e1\u0159e, nejste p\u0159ipraveni zanechat ten sv\u016fj.<\/h2>\n<p>Je to digit\u00e1ln\u00ed obdoba poslouch\u00e1n\u00ed, ne\u017e za\u010dne\u0161 mluvit.<\/p>\n<h2> <\/h2>\n<h2>Pravidlo 6. V koment\u00e1\u0159\u00edch nen\u00ed dovoleno uv\u00e1d\u011bt \u017e\u00e1dn\u00e9 informace o n\u00e1kupu, prodeji ani kontaktn\u00ed \u00fadaje.<\/h2>\n<p>Pokud m\u00e1te v\u016fz na prodej, po\u0161lete n\u00e1m ho prost\u0159ednictv\u00edm formul\u00e1\u0159e. Po\u017eadavky na n\u00e1kup, e-mailov\u00e9 adresy a telefonn\u00ed \u010d\u00edsla zve\u0159ejn\u011bn\u00e9 v koment\u00e1\u0159\u00edch  <br \/>budou vymaz\u00e1ny.<\/p>\n<h2> <\/h2>\n<h2>Pravidlo 7. Ka\u017ed\u00fd je v\u00edt\u00e1n<\/h2>\n<p>\u010clenov\u00e9 na\u0161\u00ed komunity jsou stejn\u011b rozmanit\u00ed jako v\u00fdb\u011br voz\u016f, kter\u00e9 uv\u00e1d\u00edme. Politick\u00e9, misogynn\u00ed nebo homofobn\u00ed koment\u00e1\u0159e nejsou povoleny.<\/p>\n<h2> <\/h2>\n<h2>Funkce koment\u00e1\u0159e<\/h2>\n<p><strong>\u00daprava koment\u00e1\u0159\u016f<\/strong>: koment\u00e1\u0159e m\u016f\u017ee jejich autor po zve\u0159ejn\u011bn\u00ed upravovat, a to bez \u010dasov\u00e9ho omezen\u00ed. Klikn\u011bte na \u010derven\u00fd odkaz &#8220;Upravit&#8221;, kter\u00fd je k tomuto \u00fa\u010delu k dispozici.<\/p>\n<p><strong>Ozna\u010dit jako nekonstruktivn\u00ed:<\/strong> Pokud koment\u00e1\u0159 poru\u0161uje v\u00fd\u0161e uveden\u00e1 pravidla, klikn\u011bte pros\u00edm na odkaz &#8220;Nahl\u00e1sit&#8221;, aby mohl b\u00fdt zkontrolov\u00e1n nebo odstran\u011bn. V\u0161echny nahl\u00e1\u0161en\u00e9 koment\u00e1\u0159e p\u0159ezkoum\u00e1me a s kone\u010dnou platnost\u00ed rozhodneme, zda budou obnoveny, nebo odstran\u011bny.<br \/>Chceme, aby konverzace na t\u011bchto str\u00e1nk\u00e1ch byla kvalitn\u00ed.<\/p>\n<p><strong>Prvn\u00ed koment\u00e1\u0159e:<\/strong> V\u0161echny koment\u00e1\u0159e, kter\u00e9 se objev\u00ed <strong>poprv\u00e9,<\/strong> jsou moderov\u00e1ny a koment\u00e1\u0159 nebude zve\u0159ejn\u011bn na webu, dokud nebude zkontrolov\u00e1n pracovn\u00edky Piston Addict. Po prvn\u00edm odesl\u00e1n\u00ed koment\u00e1\u0159e ji\u017e nebudou tyto koment\u00e1\u0159e moderov\u00e1ny.<\/p>\n\t\t\t\t\t\t<\/div>\n\t\t\t\t<\/div>\n\t\t\t\t\t<\/div>\n\t\t<\/div>\n\t\t\t\t\t<\/div>\n\t\t<\/section>\n\t\t\t\t<\/div>\n\t\t","protected":false},"excerpt":{"rendered":"<p>Pravidlo 1. Bu\u010fte konstruktivn\u00ed a ne negativn\u00ed Je jednodu\u0161\u0161\u00ed \u0159\u00edct, \u017ee se v\u00e1m n\u011bco nel\u00edb\u00ed, a n\u011bkdy to m\u016f\u017ee b\u00fdt opr\u00e1vn\u011bn\u00e9. Na druhou stranu je cenn\u011bj\u0161\u00ed \u0159\u00edci, jak byste to mohli zlep\u0161it, skute\u010dnou p\u0159idanou hodnotu m\u00e1, kdy\u017e m\u016f\u017eete specifikovat, co je \u0161patn\u011b a jak to zkr\u00e1\u0161lit. Pravidlo 2. Zku\u0161enosti v\u00edt\u011bz\u00ed Ostatn\u00ed \u010dten\u00e1\u0159e zaj\u00edm\u00e1 v\u00e1\u0161 n\u00e1zor &#8230; <a title=\"Pravidla koment\u00e1\u0159e\" class=\"read-more\" href=\"https:\/\/pistonaddict.com\/cs\/pravidla-komentaru\/\">P\u0159e\u010dt\u011bte si v\u00edce<span class=\"screen-reader-text\">Pravidla koment\u00e1\u0159e<\/span><\/a><\/p>\n","protected":false},"author":1,"featured_media":0,"parent":0,"menu_order":0,"comment_status":"closed","ping_status":"closed","template":"","meta":{"inline_featured_image":false,"footnotes":""},"acf":[],"yoast_head":"<!-- This site is optimized with the Yoast SEO plugin v22.5 - https:\/\/yoast.com\/wordpress\/plugins\/seo\/ -->\n<title>Pravidla koment\u00e1\u0159e - n\u00e1zev Piston Addict<\/title>\n<meta name=\"robots\" content=\"index, follow, max-snippet:-1, max-image-preview:large, max-video-preview:-1\" \/>\n<link rel=\"canonical\" href=\"https:\/\/pistonaddict.com\/cs\/pravidla-komentaru\/\" \/>\n<meta property=\"og:locale\" content=\"cs_CZ\" \/>\n<meta property=\"og:type\" content=\"article\" \/>\n<meta property=\"og:title\" content=\"Pravidla koment\u00e1\u0159e - n\u00e1zev Piston Addict\" \/>\n<meta property=\"og:description\" content=\"Pravidlo 1. Bu\u010fte konstruktivn\u00ed a ne negativn\u00ed Je jednodu\u0161\u0161\u00ed \u0159\u00edct, \u017ee se v\u00e1m n\u011bco nel\u00edb\u00ed, a n\u011bkdy to m\u016f\u017ee b\u00fdt opr\u00e1vn\u011bn\u00e9. Na druhou stranu je cenn\u011bj\u0161\u00ed \u0159\u00edci, jak byste to mohli zlep\u0161it, skute\u010dnou p\u0159idanou hodnotu m\u00e1, kdy\u017e m\u016f\u017eete specifikovat, co je \u0161patn\u011b a jak to zkr\u00e1\u0161lit. Pravidlo 2. Zku\u0161enosti v\u00edt\u011bz\u00ed Ostatn\u00ed \u010dten\u00e1\u0159e zaj\u00edm\u00e1 v\u00e1\u0161 n\u00e1zor ... P\u0159e\u010dt\u011bte si v\u00edcePravidla koment\u00e1\u0159e\" \/>\n<meta property=\"og:url\" content=\"https:\/\/pistonaddict.com\/cs\/pravidla-komentaru\/\" \/>\n<meta property=\"og:site_name\" content=\"Piston Addict\" \/>\n<meta property=\"article:modified_time\" content=\"2023-02-05T10:11:44+00:00\" \/>\n<meta name=\"twitter:card\" content=\"summary_large_image\" \/>\n<meta name=\"twitter:label1\" content=\"Odhadovan\u00e1 doba \u010dten\u00ed\" \/>\n\t<meta name=\"twitter:data1\" content=\"2 minuty\" \/>\n<script type=\"application\/ld+json\" class=\"yoast-schema-graph\">{\"@context\":\"https:\/\/schema.org\",\"@graph\":[{\"@type\":\"WebPage\",\"@id\":\"https:\/\/pistonaddict.com\/cs\/pravidla-komentaru\/\",\"url\":\"https:\/\/pistonaddict.com\/cs\/pravidla-komentaru\/\",\"name\":\"Pravidla koment\u00e1\u0159e - n\u00e1zev Piston Addict\",\"isPartOf\":{\"@id\":\"https:\/\/pistonaddict.com\/cs\/#website\"},\"datePublished\":\"2022-04-29T09:20:06+00:00\",\"dateModified\":\"2023-02-05T10:11:44+00:00\",\"breadcrumb\":{\"@id\":\"https:\/\/pistonaddict.com\/cs\/pravidla-komentaru\/#breadcrumb\"},\"inLanguage\":\"cs\",\"potentialAction\":[{\"@type\":\"ReadAction\",\"target\":[\"https:\/\/pistonaddict.com\/cs\/pravidla-komentaru\/\"]}]},{\"@type\":\"BreadcrumbList\",\"@id\":\"https:\/\/pistonaddict.com\/cs\/pravidla-komentaru\/#breadcrumb\",\"itemListElement\":[{\"@type\":\"ListItem\",\"position\":1,\"name\":\"Domovsk\u00e1 str\u00e1nka\",\"item\":\"https:\/\/pistonaddict.com\/cs\/domovska-stranka-2\/\"},{\"@type\":\"ListItem\",\"position\":2,\"name\":\"Pravidla koment\u00e1\u0159e\"}]},{\"@type\":\"WebSite\",\"@id\":\"https:\/\/pistonaddict.com\/cs\/#website\",\"url\":\"https:\/\/pistonaddict.com\/cs\/\",\"name\":\"Piston Addict\",\"description\":\"Only interesting vehicles\",\"publisher\":{\"@id\":\"https:\/\/pistonaddict.com\/cs\/#organization\"},\"potentialAction\":[{\"@type\":\"SearchAction\",\"target\":{\"@type\":\"EntryPoint\",\"urlTemplate\":\"https:\/\/pistonaddict.com\/cs\/?s={search_term_string}\"},\"query-input\":\"required name=search_term_string\"}],\"inLanguage\":\"cs\"},{\"@type\":\"Organization\",\"@id\":\"https:\/\/pistonaddict.com\/cs\/#organization\",\"name\":\"Piston Addict\",\"url\":\"https:\/\/pistonaddict.com\/cs\/\",\"logo\":{\"@type\":\"ImageObject\",\"inLanguage\":\"cs\",\"@id\":\"https:\/\/pistonaddict.com\/cs\/#\/schema\/logo\/image\/\",\"url\":\"https:\/\/pistonaddict.com\/wp-content\/uploads\/2022\/07\/logo-6.png\",\"contentUrl\":\"https:\/\/pistonaddict.com\/wp-content\/uploads\/2022\/07\/logo-6.png\",\"width\":970,\"height\":200,\"caption\":\"Piston Addict\"},\"image\":{\"@id\":\"https:\/\/pistonaddict.com\/cs\/#\/schema\/logo\/image\/\"}}]}<\/script>\n<!-- \/ Yoast SEO plugin. -->","yoast_head_json":{"title":"Pravidla koment\u00e1\u0159e - n\u00e1zev Piston Addict","robots":{"index":"index","follow":"follow","max-snippet":"max-snippet:-1","max-image-preview":"max-image-preview:large","max-video-preview":"max-video-preview:-1"},"canonical":"https:\/\/pistonaddict.com\/cs\/pravidla-komentaru\/","og_locale":"cs_CZ","og_type":"article","og_title":"Pravidla koment\u00e1\u0159e - n\u00e1zev Piston Addict","og_description":"Pravidlo 1. Bu\u010fte konstruktivn\u00ed a ne negativn\u00ed Je jednodu\u0161\u0161\u00ed \u0159\u00edct, \u017ee se v\u00e1m n\u011bco nel\u00edb\u00ed, a n\u011bkdy to m\u016f\u017ee b\u00fdt opr\u00e1vn\u011bn\u00e9. Na druhou stranu je cenn\u011bj\u0161\u00ed \u0159\u00edci, jak byste to mohli zlep\u0161it, skute\u010dnou p\u0159idanou hodnotu m\u00e1, kdy\u017e m\u016f\u017eete specifikovat, co je \u0161patn\u011b a jak to zkr\u00e1\u0161lit. Pravidlo 2. Zku\u0161enosti v\u00edt\u011bz\u00ed Ostatn\u00ed \u010dten\u00e1\u0159e zaj\u00edm\u00e1 v\u00e1\u0161 n\u00e1zor ... P\u0159e\u010dt\u011bte si v\u00edcePravidla koment\u00e1\u0159e","og_url":"https:\/\/pistonaddict.com\/cs\/pravidla-komentaru\/","og_site_name":"Piston Addict","article_modified_time":"2023-02-05T10:11:44+00:00","twitter_card":"summary_large_image","twitter_misc":{"Odhadovan\u00e1 doba \u010dten\u00ed":"2 minuty"},"schema":{"@context":"https:\/\/schema.org","@graph":[{"@type":"WebPage","@id":"https:\/\/pistonaddict.com\/cs\/pravidla-komentaru\/","url":"https:\/\/pistonaddict.com\/cs\/pravidla-komentaru\/","name":"Pravidla koment\u00e1\u0159e - n\u00e1zev Piston Addict","isPartOf":{"@id":"https:\/\/pistonaddict.com\/cs\/#website"},"datePublished":"2022-04-29T09:20:06+00:00","dateModified":"2023-02-05T10:11:44+00:00","breadcrumb":{"@id":"https:\/\/pistonaddict.com\/cs\/pravidla-komentaru\/#breadcrumb"},"inLanguage":"cs","potentialAction":[{"@type":"ReadAction","target":["https:\/\/pistonaddict.com\/cs\/pravidla-komentaru\/"]}]},{"@type":"BreadcrumbList","@id":"https:\/\/pistonaddict.com\/cs\/pravidla-komentaru\/#breadcrumb","itemListElement":[{"@type":"ListItem","position":1,"name":"Domovsk\u00e1 str\u00e1nka","item":"https:\/\/pistonaddict.com\/cs\/domovska-stranka-2\/"},{"@type":"ListItem","position":2,"name":"Pravidla koment\u00e1\u0159e"}]},{"@type":"WebSite","@id":"https:\/\/pistonaddict.com\/cs\/#website","url":"https:\/\/pistonaddict.com\/cs\/","name":"Piston Addict","description":"Only interesting vehicles","publisher":{"@id":"https:\/\/pistonaddict.com\/cs\/#organization"},"potentialAction":[{"@type":"SearchAction","target":{"@type":"EntryPoint","urlTemplate":"https:\/\/pistonaddict.com\/cs\/?s={search_term_string}"},"query-input":"required name=search_term_string"}],"inLanguage":"cs"},{"@type":"Organization","@id":"https:\/\/pistonaddict.com\/cs\/#organization","name":"Piston Addict","url":"https:\/\/pistonaddict.com\/cs\/","logo":{"@type":"ImageObject","inLanguage":"cs","@id":"https:\/\/pistonaddict.com\/cs\/#\/schema\/logo\/image\/","url":"https:\/\/pistonaddict.com\/wp-content\/uploads\/2022\/07\/logo-6.png","contentUrl":"https:\/\/pistonaddict.com\/wp-content\/uploads\/2022\/07\/logo-6.png","width":970,"height":200,"caption":"Piston Addict"},"image":{"@id":"https:\/\/pistonaddict.com\/cs\/#\/schema\/logo\/image\/"}}]}},"_links":{"self":[{"href":"https:\/\/pistonaddict.com\/cs\/wp-json\/wp\/v2\/pages\/3053"}],"collection":[{"href":"https:\/\/pistonaddict.com\/cs\/wp-json\/wp\/v2\/pages"}],"about":[{"href":"https:\/\/pistonaddict.com\/cs\/wp-json\/wp\/v2\/types\/page"}],"author":[{"embeddable":true,"href":"https:\/\/pistonaddict.com\/cs\/wp-json\/wp\/v2\/users\/1"}],"replies":[{"embeddable":true,"href":"https:\/\/pistonaddict.com\/cs\/wp-json\/wp\/v2\/comments?post=3053"}],"version-history":[{"count":6,"href":"https:\/\/pistonaddict.com\/cs\/wp-json\/wp\/v2\/pages\/3053\/revisions"}],"predecessor-version":[{"id":26227,"href":"https:\/\/pistonaddict.com\/cs\/wp-json\/wp\/v2\/pages\/3053\/revisions\/26227"}],"wp:attachment":[{"href":"https:\/\/pistonaddict.com\/cs\/wp-json\/wp\/v2\/media?parent=3053"}],"curies":[{"name":"wp","href":"https:\/\/api.w.org\/{rel}","templated":true}]}}