{"id":2907,"date":"2022-04-29T11:18:49","date_gmt":"2022-04-29T09:18:49","guid":{"rendered":"https:\/\/pistonaddict.com\/odeslani\/"},"modified":"2022-05-04T18:00:05","modified_gmt":"2022-05-04T16:00:05","slug":"odeslani","status":"publish","type":"page","link":"https:\/\/pistonaddict.com\/cs\/odeslani\/","title":{"rendered":"Odesl\u00e1n\u00ed"},"content":{"rendered":"\t\t<div data-elementor-type=\"wp-page\" data-elementor-id=\"2907\" class=\"elementor elementor-2907 elementor-333\">\n\t\t\t\t\t\t<section class=\"elementor-section elementor-top-section elementor-element elementor-element-eb8a04d elementor-section-boxed elementor-section-height-default elementor-section-height-default\" data-id=\"eb8a04d\" data-element_type=\"section\">\n\t\t\t\t\t\t<div class=\"elementor-container elementor-column-gap-default\">\n\t\t\t\t\t<div class=\"elementor-column elementor-col-100 elementor-top-column elementor-element elementor-element-43edc4e\" data-id=\"43edc4e\" data-element_type=\"column\">\n\t\t\t<div class=\"elementor-widget-wrap elementor-element-populated\">\n\t\t\t\t\t\t<div class=\"elementor-element elementor-element-d78828a elementor-widget elementor-widget-text-editor\" data-id=\"d78828a\" data-element_type=\"widget\" data-widget_type=\"text-editor.default\">\n\t\t\t\t<div class=\"elementor-widget-container\">\n\t\t\t<style>\/*! elementor - v3.21.0 - 18-04-2024 *\/\n.elementor-widget-text-editor.elementor-drop-cap-view-stacked .elementor-drop-cap{background-color:#69727d;color:#fff}.elementor-widget-text-editor.elementor-drop-cap-view-framed .elementor-drop-cap{color:#69727d;border:3px solid;background-color:transparent}.elementor-widget-text-editor:not(.elementor-drop-cap-view-default) .elementor-drop-cap{margin-top:8px}.elementor-widget-text-editor:not(.elementor-drop-cap-view-default) .elementor-drop-cap-letter{width:1em;height:1em}.elementor-widget-text-editor .elementor-drop-cap{float:left;text-align:center;line-height:1;font-size:50px}.elementor-widget-text-editor .elementor-drop-cap-letter{display:inline-block}<\/style>\t\t\t\t\n          <h1>\n            <strong>ODESL\u00c1N\u00cd VA\u0160EHO VOZIDLA<\/strong>\n          <\/h1>\n          <h2>\n            <strong>JAK SI NECHAT SV\u00c9 VOZIDLO P\u0158EPRAVIT?<\/strong>\n          <\/h2>\n          <p>Pokud si p\u0159ejete p\u0159epravit sv\u00e9 vozidlo, m\u00e1te k dispozici n\u011bkolik \u0159e\u0161en\u00ed.<\/p>\n          <p>M\u016f\u017eete to ud\u011blat sv\u00e9pomoc\u00ed nebo vyu\u017e\u00edt profesion\u00e1ln\u00edch p\u0159epravn\u00edch slu\u017eeb jako je odtah, svoz, valn\u00edkov\u00e1 \u010di kamionov\u00e1 doprava nebo kone\u010dn\u011b n\u00e1mo\u0159n\u00ed doprava.<\/p>\n          <h3>\n            <strong>1- Odtah vozidla<\/strong>\n          <\/h3>\n          <p>Tento druh dopravy je vhodn\u00fd na kr\u00e1tk\u00e9 vzd\u00e1lenosti, n\u00edzkou rychlost\u00ed. Chcete-li odt\u00e1hnout sv\u00e9 vozidlo, budete pot\u0159ebovat:<\/p>\n          <ul>\n            <li>Pro maxim\u00e1ln\u00ed bezpe\u010dnost pou\u017e\u00edvejte schv\u00e1lenou stahovac\u00ed ty\u010d;<\/li>\n            <li>B\u00fdt v doprovodu \u0159idi\u010de v ta\u017een\u00e9m vozidle;<\/li>\n            <li>Je\u010fte maxim\u00e1ln\u011b 50 km\/h a pou\u017e\u00edvejte pouze vedlej\u0161\u00ed osy;<\/li>\n            <li>Zajist\u011bte ta\u017en\u00e9 vozidlo t\u011b\u017e\u0161\u00ed ne\u017e ta\u017een\u00e9 vozidlo;<\/li>\n            <li>Pou\u017e\u00edvejte varov\u00e1n\u00ed, bu\u010fte opatrn\u00ed a osvojte si flexibiln\u00ed styl j\u00edzdy.<\/li>\n          <\/ul>\n          <h2> <\/h2>\n          <h3>\n            <strong>2- P\u0159epravte vozidlo na plo\u0161in\u011b<\/strong>\n          <\/h3>\n          <p>Tato mo\u017enost je vhodn\u00e1 pro naprostou bezpe\u010dnost p\u0159epravy va\u0161eho vozidla na dlouh\u00e9 vzd\u00e1lenosti. Pro ochranu karoserie b\u011bhem p\u0159epravy si m\u016f\u017eete zvolit p\u0159epravu vozidla na valn\u00edku, nejl\u00e9pe zakryt\u00e9m.<\/p>\n          <h3>\n            <strong>3- P\u0159eprava vozidel kamionem<\/strong>\n          <\/h3>\n          <p>Jedn\u00e1 se o stejn\u00fd princip jako p\u0159i p\u0159eprav\u011b valn\u00edkem, ale v tomto p\u0159\u00edpad\u011b je va\u0161e vozidlo p\u0159epravov\u00e1no v p\u0159\u00edv\u011bsu n\u00e1kladn\u00edho automobilu. Tato alternativa je mo\u017en\u00e1, i kdy\u017e m\u00e1te k p\u0159eprav\u011b pouze jedno vozidlo. Tato mo\u017enost je ekonomick\u00e1; nejlep\u0161\u00ed hr\u00e1\u010di na trhu nab\u00edzej\u00ed dodac\u00ed lh\u016fty jeden a\u017e dva t\u00fddny od p\u0159ijet\u00ed objedn\u00e1vky po dod\u00e1n\u00ed.<\/p>\n          <h3>\n            <strong>4- P\u0159eprava vozidla<\/strong>\n          <\/h3>\n          <p>Aby byla p\u0159eprava mo\u017en\u00e1, mus\u00ed b\u00fdt vozidlo mobiln\u00ed, v dobr\u00e9m provozn\u00edm stavu a dob\u0159e udr\u017eovan\u00e9. Dopravn\u00edk je p\u0159i\u0159azen va\u0161im pot\u0159eb\u00e1m a \u0159\u00edd\u00ed vozidlo z odjezdu do c\u00edle.<\/p>\n          <p>Je to rychl\u00e1 alternativa bez proch\u00e1zen\u00ed r\u016fzn\u00fdmi nakl\u00e1dac\u00edmi nebo vykl\u00e1dac\u00edmi plo\u0161inami, ale dra\u017e\u0161\u00ed.<\/p>\n          <h3>\n            <strong>5- N\u00e1mo\u0159n\u00ed doprava<\/strong>\n          <\/h3>\n          <p>P\u0159eprava automobil\u016f lod\u00ed typu ro-ro (neboli RO-RO) p\u0159edstavuje velkou v\u011bt\u0161inu n\u00e1mo\u0159n\u00ed dopravy pro vozidla. Vozidla jsou zde odstavena po dobu p\u0159epravy. Je to nejekonomi\u010dt\u011bj\u0161\u00ed a n\u011bkdy nejrychlej\u0161\u00ed zp\u016fsob p\u0159epravy automobil\u016f.<\/p>\n          <p>Pou\u017eit\u00ed p\u0159epravn\u00edho agenta je \u010dasto povinn\u00e9, abyste mohli poslat vozidlo do ciz\u00ed zem\u011b. Ten se postar\u00e1 o administrativn\u00ed \u00fakony v p\u0159\u00edstavu odesl\u00e1n\u00ed, ale i v p\u0159\u00edstavu p\u0159\u00edjezdu.<\/p>\n          <h2>\n            <strong>JAK\u00c9 DOKUMENTY JE T\u0158EBA POSKYTOVAT K ZASL\u00c1N\u00cd VA\u0160EHO VOZIDLA MEZIN\u00c1RODN\u011a?<\/strong>\n          <\/h2>\n          <ul>\n            <li>Kupn\u00ed faktura za vozidlo;<\/li>\n            <li>kopii va\u0161eho dokladu toto\u017enosti;<\/li>\n            <li>technick\u00fd pr\u016fkaz vozidla;<\/li>\n            <li>osv\u011bd\u010den\u00ed o p\u0159evodu;<\/li>\n            <li>nez\u00e1stavn\u00ed certifik\u00e1t;<\/li>\n            <li>Vypln\u011bn\u00fd a podepsan\u00fd certifik\u00e1t hodnoty ( <strong><a href=\"https:\/\/pistonaddict.com\/wp-content\/uploads\/2022\/05\/Attestation-de-valeur-vehicule.pdf\" target=\"_blank\" rel=\"noopener\"><u>st\u00e1hn\u011bte si jej<\/u><\/a><\/strong> ).<\/li>\n          <\/ul>\n          <p>V z\u00e1vislosti na zemi ur\u010den\u00ed mohou b\u00fdt vy\u017eadov\u00e1ny dal\u0161\u00ed dokumenty. Nezapome\u0148te se sv\u00e9ho dopravce zeptat, zda jsou v p\u0159edlo\u017een\u00e9 nab\u00eddce zahrnuty dan\u011b, cla a poplatky za celn\u00ed odbaven\u00ed.<\/p>\n          <h2>\n            <strong>KOLIK STOJ\u00cd ZASL\u00c1N\u00cd VOZIDLA MEZIN\u00c1RODN\u011a?<\/strong>\n          <\/h2>\n          <p>Sazby se p\u0159irozen\u011b li\u0161\u00ed od jednoho dopravce k druh\u00e9mu: spole\u010dnost pro p\u0159epravu vozidel bere v \u00favahu n\u011bkolik prvk\u016f p\u0159i v\u00fdpo\u010dtu n\u00e1klad\u016f na dopravu:<\/p>\n          <ul>\n            <li>typ vozidla;<\/li>\n            <li>Zp\u016fsob dopravy;<\/li>\n            <li>Vzd\u00e1lenost mezi ob\u011bma zem\u011bmi;<\/li>\n            <li>Term\u00edn odesl\u00e1n\u00ed a ro\u010dn\u00ed obdob\u00ed.<\/li>\n          <\/ul>\n          <p>Z\u016fstanete odpov\u011bdn\u00ed za poji\u0161t\u011bn\u00ed dopravy, kter\u00e9 v\u00e1m nab\u00eddne p\u0159epravn\u00ed spole\u010dnost, stejn\u011b jako za celn\u00ed poplatky a dan\u011b, kter\u00e9 je t\u0159eba zaplatit.<\/p>\n          <p>Pozemn\u00ed doprava je nejprakti\u010dt\u011bj\u0161\u00ed zp\u016fsob, jak poslat vozidlo, zejm\u00e9na mezi sousedn\u00edmi zem\u011bmi. N\u00e1mo\u0159n\u00ed doprava m\u00e1 tu v\u00fdhodu, \u017ee je ekonomick\u00e1, ale pomalej\u0161\u00ed.<\/p>\n          <h2>\n            <strong>PORADENSTV\u00cd PISTON ADDICT<\/strong>\n          <\/h2>\n          <p>Nyn\u00ed, kdy\u017e v\u00edte v\u0161e o p\u0159eprav\u011b vozidel, zde je n\u011bkolik tip\u016f, kter\u00e9 je v\u017edy dobr\u00e9 dodr\u017eovat, ne\u017e sv\u011b\u0159\u00edte sv\u00e9 vozidlo p\u0159epravn\u00ed spole\u010dnosti podle va\u0161eho v\u00fdb\u011bru:<\/p>\n          <ul>\n            <li>Deaktivujte alarm, pokud existuje, abyste zabr\u00e1nili jeho spu\u0161t\u011bn\u00ed b\u011bhem p\u0159epravy;<\/li>\n            <li>Baterii nabijte na maximum, aby se b\u011bhem p\u0159epravy \u00fapln\u011b nevybila;<\/li>\n            <li>Z bezpe\u010dnostn\u00edch d\u016fvod\u016f vypr\u00e1zdn\u011bte palivovou n\u00e1dr\u017e co nejv\u00edce;<\/li>\n            <li>D\u00e1vejte pozor, abyste ve vozidle nenechali \u017e\u00e1dn\u00e9 p\u0159edm\u011bty;<\/li>\n            <li>P\u0159ed p\u0159ed\u00e1n\u00edm dopravci si uschovejte doklady o stavu vozidla;<\/li>\n            <li>Uzav\u0159ete poji\u0161t\u011bn\u00ed, abyste m\u011bli z\u00e1ruku vr\u00e1cen\u00ed pen\u011bz v p\u0159\u00edpad\u011b probl\u00e9mu b\u011bhem p\u0159epravy;<\/li>\n            <li>Uschovejte origin\u00e1ly osv\u011bd\u010den\u00ed o registraci vozidla, osv\u011bd\u010den\u00ed o vlastnictv\u00ed a osv\u011bd\u010den\u00ed o nezastaven\u00ed;<\/li>\n            <li>M\u011bjte u sebe n\u00e1hradn\u00ed kl\u00ed\u010de od vozidla. A p\u0159edev\u0161\u00edm nezapome\u0148te zaslat duplik\u00e1ty kl\u00ed\u010d\u016f, jakmile vozidlo obdr\u017e\u00ed kupuj\u00edc\u00ed.<\/li>\n          <\/ul>\n          <p> <\/p>\n          <h2>\n            <strong>Na\u0161e doporu\u010den\u00ed kamionem<\/strong>\n          <\/h2>\n          <ul>\n            <li><em><strong>N\u011bmecko \u2013 Rakousko \u2013 Belgie \u2013 \u0160pan\u011blsko \u2013 Francie \u2013 It\u00e1lie \u2013 Nizozemsko \u2013 Portugalsko \u2013 \u0160v\u00fdcarsko \u2013 Spojen\u00e9 kr\u00e1lovstv\u00ed<\/strong> :<\/em> Mezin\u00e1rodn\u00ed: <a href=\"https:\/\/www.eurosender.com\/en\/vt\/vehicle-transport\/car\" target=\"_blank\" rel=\"noopener\">Eurosender<\/a> , <a href=\"https:\/\/www.shiply.com\/vehicle-delivery\/car-transport-to-europe.php\" target=\"_blank\" rel=\"noopener\">Shiply<\/a><\/li>\n            <li><strong><em>Francie:<\/em><\/strong> N\u00e1rodn\u00ed: <a href=\"https:\/\/disposeo.com\/\" target=\"_blank\" rel=\"noopener\">Disposeo<\/a> , <a href=\"https:\/\/www.hiflow.com\/particulier\" target=\"_blank\" rel=\"noopener\">Hiflow<\/a><\/li>\n          <\/ul>\n          <h2>\n            <strong>Na\u0161e doporu\u010den\u00ed po mo\u0159i<\/strong>\n          <\/h2>\n          <ul>\n            <li><a href=\"https:\/\/cfrrinkens.com\/rate-request\/\" target=\"_blank\" rel=\"noopener\">CFR Rinkens<\/a> , <a href=\"https:\/\/www.carseurope.net\/international-car-transportation-quote\/\" target=\"_blank\" rel=\"noopener\">CARS<\/a><\/li>\n          <\/ul>\n        \t\t\t\t\t\t<\/div>\n\t\t\t\t<\/div>\n\t\t\t\t\t<\/div>\n\t\t<\/div>\n\t\t\t\t\t<\/div>\n\t\t<\/section>\n\t\t\t\t<\/div>\n\t\t","protected":false},"excerpt":{"rendered":"<p>ODESL\u00c1N\u00cd VA\u0160EHO VOZIDLA JAK SI NECHAT SV\u00c9 VOZIDLO P\u0158EPRAVIT? Pokud si p\u0159ejete p\u0159epravit sv\u00e9 vozidlo, m\u00e1te k dispozici n\u011bkolik \u0159e\u0161en\u00ed. M\u016f\u017eete to ud\u011blat sv\u00e9pomoc\u00ed nebo vyu\u017e\u00edt profesion\u00e1ln\u00edch p\u0159epravn\u00edch slu\u017eeb jako je odtah, svoz, valn\u00edkov\u00e1 \u010di kamionov\u00e1 doprava nebo kone\u010dn\u011b n\u00e1mo\u0159n\u00ed doprava. 1- Odtah vozidla Tento druh dopravy je vhodn\u00fd na kr\u00e1tk\u00e9 vzd\u00e1lenosti, n\u00edzkou rychlost\u00ed. Chcete-li &#8230; <a title=\"Odesl\u00e1n\u00ed\" class=\"read-more\" href=\"https:\/\/pistonaddict.com\/cs\/odeslani\/\">P\u0159e\u010dt\u011bte si v\u00edce<span class=\"screen-reader-text\">Odesl\u00e1n\u00ed<\/span><\/a><\/p>\n","protected":false},"author":1,"featured_media":0,"parent":0,"menu_order":0,"comment_status":"closed","ping_status":"closed","template":"","meta":{"inline_featured_image":false,"footnotes":""},"acf":[],"yoast_head":"<!-- This site is optimized with the Yoast SEO plugin v22.5 - https:\/\/yoast.com\/wordpress\/plugins\/seo\/ -->\n<title>Odesl\u00e1n\u00ed - n\u00e1zev Piston Addict<\/title>\n<meta name=\"robots\" content=\"index, follow, max-snippet:-1, max-image-preview:large, max-video-preview:-1\" \/>\n<link rel=\"canonical\" href=\"https:\/\/pistonaddict.com\/cs\/odeslani\/\" \/>\n<meta property=\"og:locale\" content=\"cs_CZ\" \/>\n<meta property=\"og:type\" content=\"article\" \/>\n<meta property=\"og:title\" content=\"Odesl\u00e1n\u00ed - n\u00e1zev Piston Addict\" \/>\n<meta property=\"og:description\" content=\"ODESL\u00c1N\u00cd VA\u0160EHO VOZIDLA JAK SI NECHAT SV\u00c9 VOZIDLO P\u0158EPRAVIT? Pokud si p\u0159ejete p\u0159epravit sv\u00e9 vozidlo, m\u00e1te k dispozici n\u011bkolik \u0159e\u0161en\u00ed. M\u016f\u017eete to ud\u011blat sv\u00e9pomoc\u00ed nebo vyu\u017e\u00edt profesion\u00e1ln\u00edch p\u0159epravn\u00edch slu\u017eeb jako je odtah, svoz, valn\u00edkov\u00e1 \u010di kamionov\u00e1 doprava nebo kone\u010dn\u011b n\u00e1mo\u0159n\u00ed doprava. 1- Odtah vozidla Tento druh dopravy je vhodn\u00fd na kr\u00e1tk\u00e9 vzd\u00e1lenosti, n\u00edzkou rychlost\u00ed. Chcete-li ... P\u0159e\u010dt\u011bte si v\u00edceOdesl\u00e1n\u00ed\" \/>\n<meta property=\"og:url\" content=\"https:\/\/pistonaddict.com\/cs\/odeslani\/\" \/>\n<meta property=\"og:site_name\" content=\"Piston Addict\" \/>\n<meta property=\"article:modified_time\" content=\"2022-05-04T16:00:05+00:00\" \/>\n<meta name=\"twitter:card\" content=\"summary_large_image\" \/>\n<meta name=\"twitter:label1\" content=\"Odhadovan\u00e1 doba \u010dten\u00ed\" \/>\n\t<meta name=\"twitter:data1\" content=\"4 minuty\" \/>\n<script type=\"application\/ld+json\" class=\"yoast-schema-graph\">{\"@context\":\"https:\/\/schema.org\",\"@graph\":[{\"@type\":\"WebPage\",\"@id\":\"https:\/\/pistonaddict.com\/cs\/odeslani\/\",\"url\":\"https:\/\/pistonaddict.com\/cs\/odeslani\/\",\"name\":\"Odesl\u00e1n\u00ed - n\u00e1zev Piston Addict\",\"isPartOf\":{\"@id\":\"https:\/\/pistonaddict.com\/cs\/#website\"},\"datePublished\":\"2022-04-29T09:18:49+00:00\",\"dateModified\":\"2022-05-04T16:00:05+00:00\",\"breadcrumb\":{\"@id\":\"https:\/\/pistonaddict.com\/cs\/odeslani\/#breadcrumb\"},\"inLanguage\":\"cs\",\"potentialAction\":[{\"@type\":\"ReadAction\",\"target\":[\"https:\/\/pistonaddict.com\/cs\/odeslani\/\"]}]},{\"@type\":\"BreadcrumbList\",\"@id\":\"https:\/\/pistonaddict.com\/cs\/odeslani\/#breadcrumb\",\"itemListElement\":[{\"@type\":\"ListItem\",\"position\":1,\"name\":\"Domovsk\u00e1 str\u00e1nka\",\"item\":\"https:\/\/pistonaddict.com\/cs\/domovska-stranka-2\/\"},{\"@type\":\"ListItem\",\"position\":2,\"name\":\"Odesl\u00e1n\u00ed\"}]},{\"@type\":\"WebSite\",\"@id\":\"https:\/\/pistonaddict.com\/cs\/#website\",\"url\":\"https:\/\/pistonaddict.com\/cs\/\",\"name\":\"Piston Addict\",\"description\":\"Only interesting vehicles\",\"publisher\":{\"@id\":\"https:\/\/pistonaddict.com\/cs\/#organization\"},\"potentialAction\":[{\"@type\":\"SearchAction\",\"target\":{\"@type\":\"EntryPoint\",\"urlTemplate\":\"https:\/\/pistonaddict.com\/cs\/?s={search_term_string}\"},\"query-input\":\"required name=search_term_string\"}],\"inLanguage\":\"cs\"},{\"@type\":\"Organization\",\"@id\":\"https:\/\/pistonaddict.com\/cs\/#organization\",\"name\":\"Piston Addict\",\"url\":\"https:\/\/pistonaddict.com\/cs\/\",\"logo\":{\"@type\":\"ImageObject\",\"inLanguage\":\"cs\",\"@id\":\"https:\/\/pistonaddict.com\/cs\/#\/schema\/logo\/image\/\",\"url\":\"https:\/\/pistonaddict.com\/wp-content\/uploads\/2022\/07\/logo-6.png\",\"contentUrl\":\"https:\/\/pistonaddict.com\/wp-content\/uploads\/2022\/07\/logo-6.png\",\"width\":970,\"height\":200,\"caption\":\"Piston Addict\"},\"image\":{\"@id\":\"https:\/\/pistonaddict.com\/cs\/#\/schema\/logo\/image\/\"}}]}<\/script>\n<!-- \/ Yoast SEO plugin. -->","yoast_head_json":{"title":"Odesl\u00e1n\u00ed - n\u00e1zev Piston Addict","robots":{"index":"index","follow":"follow","max-snippet":"max-snippet:-1","max-image-preview":"max-image-preview:large","max-video-preview":"max-video-preview:-1"},"canonical":"https:\/\/pistonaddict.com\/cs\/odeslani\/","og_locale":"cs_CZ","og_type":"article","og_title":"Odesl\u00e1n\u00ed - n\u00e1zev Piston Addict","og_description":"ODESL\u00c1N\u00cd VA\u0160EHO VOZIDLA JAK SI NECHAT SV\u00c9 VOZIDLO P\u0158EPRAVIT? Pokud si p\u0159ejete p\u0159epravit sv\u00e9 vozidlo, m\u00e1te k dispozici n\u011bkolik \u0159e\u0161en\u00ed. M\u016f\u017eete to ud\u011blat sv\u00e9pomoc\u00ed nebo vyu\u017e\u00edt profesion\u00e1ln\u00edch p\u0159epravn\u00edch slu\u017eeb jako je odtah, svoz, valn\u00edkov\u00e1 \u010di kamionov\u00e1 doprava nebo kone\u010dn\u011b n\u00e1mo\u0159n\u00ed doprava. 1- Odtah vozidla Tento druh dopravy je vhodn\u00fd na kr\u00e1tk\u00e9 vzd\u00e1lenosti, n\u00edzkou rychlost\u00ed. Chcete-li ... P\u0159e\u010dt\u011bte si v\u00edceOdesl\u00e1n\u00ed","og_url":"https:\/\/pistonaddict.com\/cs\/odeslani\/","og_site_name":"Piston Addict","article_modified_time":"2022-05-04T16:00:05+00:00","twitter_card":"summary_large_image","twitter_misc":{"Odhadovan\u00e1 doba \u010dten\u00ed":"4 minuty"},"schema":{"@context":"https:\/\/schema.org","@graph":[{"@type":"WebPage","@id":"https:\/\/pistonaddict.com\/cs\/odeslani\/","url":"https:\/\/pistonaddict.com\/cs\/odeslani\/","name":"Odesl\u00e1n\u00ed - n\u00e1zev Piston Addict","isPartOf":{"@id":"https:\/\/pistonaddict.com\/cs\/#website"},"datePublished":"2022-04-29T09:18:49+00:00","dateModified":"2022-05-04T16:00:05+00:00","breadcrumb":{"@id":"https:\/\/pistonaddict.com\/cs\/odeslani\/#breadcrumb"},"inLanguage":"cs","potentialAction":[{"@type":"ReadAction","target":["https:\/\/pistonaddict.com\/cs\/odeslani\/"]}]},{"@type":"BreadcrumbList","@id":"https:\/\/pistonaddict.com\/cs\/odeslani\/#breadcrumb","itemListElement":[{"@type":"ListItem","position":1,"name":"Domovsk\u00e1 str\u00e1nka","item":"https:\/\/pistonaddict.com\/cs\/domovska-stranka-2\/"},{"@type":"ListItem","position":2,"name":"Odesl\u00e1n\u00ed"}]},{"@type":"WebSite","@id":"https:\/\/pistonaddict.com\/cs\/#website","url":"https:\/\/pistonaddict.com\/cs\/","name":"Piston Addict","description":"Only interesting vehicles","publisher":{"@id":"https:\/\/pistonaddict.com\/cs\/#organization"},"potentialAction":[{"@type":"SearchAction","target":{"@type":"EntryPoint","urlTemplate":"https:\/\/pistonaddict.com\/cs\/?s={search_term_string}"},"query-input":"required name=search_term_string"}],"inLanguage":"cs"},{"@type":"Organization","@id":"https:\/\/pistonaddict.com\/cs\/#organization","name":"Piston Addict","url":"https:\/\/pistonaddict.com\/cs\/","logo":{"@type":"ImageObject","inLanguage":"cs","@id":"https:\/\/pistonaddict.com\/cs\/#\/schema\/logo\/image\/","url":"https:\/\/pistonaddict.com\/wp-content\/uploads\/2022\/07\/logo-6.png","contentUrl":"https:\/\/pistonaddict.com\/wp-content\/uploads\/2022\/07\/logo-6.png","width":970,"height":200,"caption":"Piston Addict"},"image":{"@id":"https:\/\/pistonaddict.com\/cs\/#\/schema\/logo\/image\/"}}]}},"_links":{"self":[{"href":"https:\/\/pistonaddict.com\/cs\/wp-json\/wp\/v2\/pages\/2907"}],"collection":[{"href":"https:\/\/pistonaddict.com\/cs\/wp-json\/wp\/v2\/pages"}],"about":[{"href":"https:\/\/pistonaddict.com\/cs\/wp-json\/wp\/v2\/types\/page"}],"author":[{"embeddable":true,"href":"https:\/\/pistonaddict.com\/cs\/wp-json\/wp\/v2\/users\/1"}],"replies":[{"embeddable":true,"href":"https:\/\/pistonaddict.com\/cs\/wp-json\/wp\/v2\/comments?post=2907"}],"version-history":[{"count":2,"href":"https:\/\/pistonaddict.com\/cs\/wp-json\/wp\/v2\/pages\/2907\/revisions"}],"predecessor-version":[{"id":4212,"href":"https:\/\/pistonaddict.com\/cs\/wp-json\/wp\/v2\/pages\/2907\/revisions\/4212"}],"wp:attachment":[{"href":"https:\/\/pistonaddict.com\/cs\/wp-json\/wp\/v2\/media?parent=2907"}],"curies":[{"name":"wp","href":"https:\/\/api.w.org\/{rel}","templated":true}]}}