{"id":2448,"date":"2022-04-26T13:42:32","date_gmt":"2022-04-26T11:42:32","guid":{"rendered":"https:\/\/pistonaddict.com\/zpravy\/"},"modified":"2022-05-04T18:00:10","modified_gmt":"2022-05-04T16:00:10","slug":"zpravy","status":"publish","type":"page","link":"https:\/\/pistonaddict.com\/cs\/zpravy\/","title":{"rendered":"Zpr\u00e1vy"},"content":{"rendered":"\t\t<div data-elementor-type=\"wp-page\" data-elementor-id=\"2448\" class=\"elementor elementor-2448 elementor-224\">\n\t\t\t\t\t\t<section class=\"elementor-section elementor-top-section elementor-element elementor-element-0b8d703 elementor-section-full_width elementor-section-content-middle banniere-page elementor-section-height-default elementor-section-height-default\" data-id=\"0b8d703\" data-element_type=\"section\" data-settings=\"{&quot;background_background&quot;:&quot;classic&quot;}\">\n\t\t\t\t\t\t<div class=\"elementor-container elementor-column-gap-default\">\n\t\t\t\t\t<div class=\"elementor-column elementor-col-100 elementor-top-column elementor-element elementor-element-8b37e0f\" data-id=\"8b37e0f\" data-element_type=\"column\">\n\t\t\t<div class=\"elementor-widget-wrap elementor-element-populated\">\n\t\t\t\t\t\t<div class=\"elementor-element elementor-element-f28f6ad elementor-widget elementor-widget-heading\" data-id=\"f28f6ad\" data-element_type=\"widget\" data-widget_type=\"heading.default\">\n\t\t\t\t<div class=\"elementor-widget-container\">\n\t\t\t<style>\/*! elementor - v3.21.0 - 18-04-2024 *\/\n.elementor-heading-title{padding:0;margin:0;line-height:1}.elementor-widget-heading .elementor-heading-title[class*=elementor-size-]>a{color:inherit;font-size:inherit;line-height:inherit}.elementor-widget-heading .elementor-heading-title.elementor-size-small{font-size:15px}.elementor-widget-heading .elementor-heading-title.elementor-size-medium{font-size:19px}.elementor-widget-heading .elementor-heading-title.elementor-size-large{font-size:29px}.elementor-widget-heading .elementor-heading-title.elementor-size-xl{font-size:39px}.elementor-widget-heading .elementor-heading-title.elementor-size-xxl{font-size:59px}<\/style><h2 class=\"elementor-heading-title elementor-size-default\">Zpr\u00e1vy<\/h2>\t\t<\/div>\n\t\t\t\t<\/div>\n\t\t\t\t\t<\/div>\n\t\t<\/div>\n\t\t\t\t\t<\/div>\n\t\t<\/section>\n\t\t\t\t<\/div>\n\t\t","protected":false},"excerpt":{"rendered":"<p>Zpr\u00e1vy<\/p>\n","protected":false},"author":1,"featured_media":0,"parent":0,"menu_order":0,"comment_status":"closed","ping_status":"closed","template":"template-parts\/tpl-actualites.php","meta":{"inline_featured_image":false,"footnotes":""},"acf":[],"yoast_head":"<!-- This site is optimized with the Yoast SEO plugin v22.5 - https:\/\/yoast.com\/wordpress\/plugins\/seo\/ -->\n<title>Zpr\u00e1vy - n\u00e1zev Piston Addict<\/title>\n<meta name=\"robots\" content=\"index, follow, max-snippet:-1, max-image-preview:large, max-video-preview:-1\" \/>\n<link rel=\"canonical\" href=\"https:\/\/pistonaddict.com\/cs\/zpravy\/\" \/>\n<meta property=\"og:locale\" content=\"cs_CZ\" \/>\n<meta property=\"og:type\" content=\"article\" \/>\n<meta property=\"og:title\" content=\"Zpr\u00e1vy - n\u00e1zev Piston Addict\" \/>\n<meta property=\"og:description\" content=\"Zpr\u00e1vy\" \/>\n<meta property=\"og:url\" content=\"https:\/\/pistonaddict.com\/cs\/zpravy\/\" \/>\n<meta property=\"og:site_name\" content=\"Piston Addict\" \/>\n<meta property=\"article:modified_time\" content=\"2022-05-04T16:00:10+00:00\" \/>\n<meta name=\"twitter:card\" content=\"summary_large_image\" \/>\n<script type=\"application\/ld+json\" class=\"yoast-schema-graph\">{\"@context\":\"https:\/\/schema.org\",\"@graph\":[{\"@type\":\"WebPage\",\"@id\":\"https:\/\/pistonaddict.com\/cs\/zpravy\/\",\"url\":\"https:\/\/pistonaddict.com\/cs\/zpravy\/\",\"name\":\"Zpr\u00e1vy - n\u00e1zev Piston Addict\",\"isPartOf\":{\"@id\":\"https:\/\/pistonaddict.com\/cs\/#website\"},\"datePublished\":\"2022-04-26T11:42:32+00:00\",\"dateModified\":\"2022-05-04T16:00:10+00:00\",\"breadcrumb\":{\"@id\":\"https:\/\/pistonaddict.com\/cs\/zpravy\/#breadcrumb\"},\"inLanguage\":\"cs\",\"potentialAction\":[{\"@type\":\"ReadAction\",\"target\":[\"https:\/\/pistonaddict.com\/cs\/zpravy\/\"]}]},{\"@type\":\"BreadcrumbList\",\"@id\":\"https:\/\/pistonaddict.com\/cs\/zpravy\/#breadcrumb\",\"itemListElement\":[{\"@type\":\"ListItem\",\"position\":1,\"name\":\"Domovsk\u00e1 str\u00e1nka\",\"item\":\"https:\/\/pistonaddict.com\/cs\/domovska-stranka-2\/\"},{\"@type\":\"ListItem\",\"position\":2,\"name\":\"Zpr\u00e1vy\"}]},{\"@type\":\"WebSite\",\"@id\":\"https:\/\/pistonaddict.com\/cs\/#website\",\"url\":\"https:\/\/pistonaddict.com\/cs\/\",\"name\":\"Piston Addict\",\"description\":\"Only interesting vehicles\",\"publisher\":{\"@id\":\"https:\/\/pistonaddict.com\/cs\/#organization\"},\"potentialAction\":[{\"@type\":\"SearchAction\",\"target\":{\"@type\":\"EntryPoint\",\"urlTemplate\":\"https:\/\/pistonaddict.com\/cs\/?s={search_term_string}\"},\"query-input\":\"required name=search_term_string\"}],\"inLanguage\":\"cs\"},{\"@type\":\"Organization\",\"@id\":\"https:\/\/pistonaddict.com\/cs\/#organization\",\"name\":\"Piston Addict\",\"url\":\"https:\/\/pistonaddict.com\/cs\/\",\"logo\":{\"@type\":\"ImageObject\",\"inLanguage\":\"cs\",\"@id\":\"https:\/\/pistonaddict.com\/cs\/#\/schema\/logo\/image\/\",\"url\":\"https:\/\/pistonaddict.com\/wp-content\/uploads\/2022\/07\/logo-6.png\",\"contentUrl\":\"https:\/\/pistonaddict.com\/wp-content\/uploads\/2022\/07\/logo-6.png\",\"width\":970,\"height\":200,\"caption\":\"Piston Addict\"},\"image\":{\"@id\":\"https:\/\/pistonaddict.com\/cs\/#\/schema\/logo\/image\/\"}}]}<\/script>\n<!-- \/ Yoast SEO plugin. -->","yoast_head_json":{"title":"Zpr\u00e1vy - n\u00e1zev Piston Addict","robots":{"index":"index","follow":"follow","max-snippet":"max-snippet:-1","max-image-preview":"max-image-preview:large","max-video-preview":"max-video-preview:-1"},"canonical":"https:\/\/pistonaddict.com\/cs\/zpravy\/","og_locale":"cs_CZ","og_type":"article","og_title":"Zpr\u00e1vy - n\u00e1zev Piston Addict","og_description":"Zpr\u00e1vy","og_url":"https:\/\/pistonaddict.com\/cs\/zpravy\/","og_site_name":"Piston Addict","article_modified_time":"2022-05-04T16:00:10+00:00","twitter_card":"summary_large_image","schema":{"@context":"https:\/\/schema.org","@graph":[{"@type":"WebPage","@id":"https:\/\/pistonaddict.com\/cs\/zpravy\/","url":"https:\/\/pistonaddict.com\/cs\/zpravy\/","name":"Zpr\u00e1vy - n\u00e1zev Piston Addict","isPartOf":{"@id":"https:\/\/pistonaddict.com\/cs\/#website"},"datePublished":"2022-04-26T11:42:32+00:00","dateModified":"2022-05-04T16:00:10+00:00","breadcrumb":{"@id":"https:\/\/pistonaddict.com\/cs\/zpravy\/#breadcrumb"},"inLanguage":"cs","potentialAction":[{"@type":"ReadAction","target":["https:\/\/pistonaddict.com\/cs\/zpravy\/"]}]},{"@type":"BreadcrumbList","@id":"https:\/\/pistonaddict.com\/cs\/zpravy\/#breadcrumb","itemListElement":[{"@type":"ListItem","position":1,"name":"Domovsk\u00e1 str\u00e1nka","item":"https:\/\/pistonaddict.com\/cs\/domovska-stranka-2\/"},{"@type":"ListItem","position":2,"name":"Zpr\u00e1vy"}]},{"@type":"WebSite","@id":"https:\/\/pistonaddict.com\/cs\/#website","url":"https:\/\/pistonaddict.com\/cs\/","name":"Piston Addict","description":"Only interesting vehicles","publisher":{"@id":"https:\/\/pistonaddict.com\/cs\/#organization"},"potentialAction":[{"@type":"SearchAction","target":{"@type":"EntryPoint","urlTemplate":"https:\/\/pistonaddict.com\/cs\/?s={search_term_string}"},"query-input":"required name=search_term_string"}],"inLanguage":"cs"},{"@type":"Organization","@id":"https:\/\/pistonaddict.com\/cs\/#organization","name":"Piston Addict","url":"https:\/\/pistonaddict.com\/cs\/","logo":{"@type":"ImageObject","inLanguage":"cs","@id":"https:\/\/pistonaddict.com\/cs\/#\/schema\/logo\/image\/","url":"https:\/\/pistonaddict.com\/wp-content\/uploads\/2022\/07\/logo-6.png","contentUrl":"https:\/\/pistonaddict.com\/wp-content\/uploads\/2022\/07\/logo-6.png","width":970,"height":200,"caption":"Piston Addict"},"image":{"@id":"https:\/\/pistonaddict.com\/cs\/#\/schema\/logo\/image\/"}}]}},"_links":{"self":[{"href":"https:\/\/pistonaddict.com\/cs\/wp-json\/wp\/v2\/pages\/2448"}],"collection":[{"href":"https:\/\/pistonaddict.com\/cs\/wp-json\/wp\/v2\/pages"}],"about":[{"href":"https:\/\/pistonaddict.com\/cs\/wp-json\/wp\/v2\/types\/page"}],"author":[{"embeddable":true,"href":"https:\/\/pistonaddict.com\/cs\/wp-json\/wp\/v2\/users\/1"}],"replies":[{"embeddable":true,"href":"https:\/\/pistonaddict.com\/cs\/wp-json\/wp\/v2\/comments?post=2448"}],"version-history":[{"count":1,"href":"https:\/\/pistonaddict.com\/cs\/wp-json\/wp\/v2\/pages\/2448\/revisions"}],"predecessor-version":[{"id":2460,"href":"https:\/\/pistonaddict.com\/cs\/wp-json\/wp\/v2\/pages\/2448\/revisions\/2460"}],"wp:attachment":[{"href":"https:\/\/pistonaddict.com\/cs\/wp-json\/wp\/v2\/media?parent=2448"}],"curies":[{"name":"wp","href":"https:\/\/api.w.org\/{rel}","templated":true}]}}