{"id":2364,"date":"2022-04-21T10:08:27","date_gmt":"2022-04-21T08:08:27","guid":{"rendered":"https:\/\/pistonaddict.com\/fotografove\/"},"modified":"2022-05-04T18:00:14","modified_gmt":"2022-05-04T16:00:14","slug":"fotografove","status":"publish","type":"page","link":"https:\/\/pistonaddict.com\/cs\/fotografove\/","title":{"rendered":"fotografov\u00e9"},"content":{"rendered":"\t\t<div data-elementor-type=\"wp-page\" data-elementor-id=\"2364\" class=\"elementor elementor-2364 elementor-68\">\n\t\t\t\t\t\t<section class=\"elementor-section elementor-top-section elementor-element elementor-element-910ea2a elementor-section-full_width elementor-section-content-middle banniere-page elementor-section-height-default elementor-section-height-default\" data-id=\"910ea2a\" data-element_type=\"section\" data-settings=\"{&quot;background_background&quot;:&quot;classic&quot;}\">\n\t\t\t\t\t\t<div class=\"elementor-container elementor-column-gap-default\">\n\t\t\t\t\t<div class=\"elementor-column elementor-col-100 elementor-top-column elementor-element elementor-element-b8add27\" data-id=\"b8add27\" data-element_type=\"column\">\n\t\t\t<div class=\"elementor-widget-wrap elementor-element-populated\">\n\t\t\t\t\t\t<div class=\"elementor-element elementor-element-ec39b5c elementor-widget elementor-widget-heading\" data-id=\"ec39b5c\" data-element_type=\"widget\" data-widget_type=\"heading.default\">\n\t\t\t\t<div class=\"elementor-widget-container\">\n\t\t\t<style>\/*! elementor - v3.21.0 - 18-04-2024 *\/\n.elementor-heading-title{padding:0;margin:0;line-height:1}.elementor-widget-heading .elementor-heading-title[class*=elementor-size-]>a{color:inherit;font-size:inherit;line-height:inherit}.elementor-widget-heading .elementor-heading-title.elementor-size-small{font-size:15px}.elementor-widget-heading .elementor-heading-title.elementor-size-medium{font-size:19px}.elementor-widget-heading .elementor-heading-title.elementor-size-large{font-size:29px}.elementor-widget-heading .elementor-heading-title.elementor-size-xl{font-size:39px}.elementor-widget-heading .elementor-heading-title.elementor-size-xxl{font-size:59px}<\/style><h1 class=\"elementor-heading-title elementor-size-default\">fotografov\u00e9<\/h1>\t\t<\/div>\n\t\t\t\t<\/div>\n\t\t\t\t\t<\/div>\n\t\t<\/div>\n\t\t\t\t\t<\/div>\n\t\t<\/section>\n\t\t\t\t<section class=\"elementor-section elementor-top-section elementor-element elementor-element-24c18a1 elementor-section-full_width descs elementor-section-height-default elementor-section-height-default\" data-id=\"24c18a1\" data-element_type=\"section\">\n\t\t\t\t\t\t<div class=\"elementor-container elementor-column-gap-default\">\n\t\t\t\t\t<div class=\"elementor-column elementor-col-100 elementor-top-column elementor-element elementor-element-116ccfe\" data-id=\"116ccfe\" data-element_type=\"column\">\n\t\t\t<div class=\"elementor-widget-wrap elementor-element-populated\">\n\t\t\t\t\t\t<div class=\"elementor-element elementor-element-bccac14 elementor-widget elementor-widget-text-editor\" data-id=\"bccac14\" data-element_type=\"widget\" data-widget_type=\"text-editor.default\">\n\t\t\t\t<div class=\"elementor-widget-container\">\n\t\t\t<style>\/*! elementor - v3.21.0 - 18-04-2024 *\/\n.elementor-widget-text-editor.elementor-drop-cap-view-stacked .elementor-drop-cap{background-color:#69727d;color:#fff}.elementor-widget-text-editor.elementor-drop-cap-view-framed .elementor-drop-cap{color:#69727d;border:3px solid;background-color:transparent}.elementor-widget-text-editor:not(.elementor-drop-cap-view-default) .elementor-drop-cap{margin-top:8px}.elementor-widget-text-editor:not(.elementor-drop-cap-view-default) .elementor-drop-cap-letter{width:1em;height:1em}.elementor-widget-text-editor .elementor-drop-cap{float:left;text-align:center;line-height:1;font-size:50px}.elementor-widget-text-editor .elementor-drop-cap-letter{display:inline-block}<\/style>\t\t\t\t\n          <h2>Slu\u017eba profesion\u00e1ln\u00edch fotograf\u016f na dosah ruky<\/h2>\n          \n\n          <p>Piston Addict v\u00e1m nab\u00edz\u00ed bezplatnou lokaliza\u010dn\u00ed slu\u017ebu pro profesion\u00e1ln\u00ed fotografy ve va\u0161\u00ed oblasti.<\/p>\n          \n\n          <p>\nD\u00edky jejich obr\u00e1zk\u016fm bude va\u0161e vozidlo sublimov\u00e1no.\nVybudovali jsme s\u00ed\u0165 v\u00edce ne\u017e X fotograf\u016f v zem\u00edch.\n<\/p>\n          <p>\nJakmile si vyberete sv\u00e9ho fotografa, zveme v\u00e1s, abyste jej kontaktovali p\u0159\u00edmo prost\u0159ednictv\u00edm jeho e-mailov\u00e9 adresy nebo telefonn\u00edho \u010d\u00edsla uveden\u00e9ho v jeho kontaktn\u00edm formul\u00e1\u0159i.<\/p>\n        \t\t\t\t\t\t<\/div>\n\t\t\t\t<\/div>\n\t\t\t\t\t<\/div>\n\t\t<\/div>\n\t\t\t\t\t<\/div>\n\t\t<\/section>\n\t\t\t\t<\/div>\n\t\t","protected":false},"excerpt":{"rendered":"<p>fotografov\u00e9 Slu\u017eba profesion\u00e1ln\u00edch fotograf\u016f na dosah ruky Piston Addict v\u00e1m nab\u00edz\u00ed bezplatnou lokaliza\u010dn\u00ed slu\u017ebu pro profesion\u00e1ln\u00ed fotografy ve va\u0161\u00ed oblasti. D\u00edky jejich obr\u00e1zk\u016fm bude va\u0161e vozidlo sublimov\u00e1no. Vybudovali jsme s\u00ed\u0165 v\u00edce ne\u017e X fotograf\u016f v zem\u00edch. Jakmile si vyberete sv\u00e9ho fotografa, zveme v\u00e1s, abyste jej kontaktovali p\u0159\u00edmo prost\u0159ednictv\u00edm jeho e-mailov\u00e9 adresy nebo telefonn\u00edho \u010d\u00edsla uveden\u00e9ho &#8230; <a title=\"fotografov\u00e9\" class=\"read-more\" href=\"https:\/\/pistonaddict.com\/cs\/fotografove\/\">P\u0159e\u010dt\u011bte si v\u00edce<span class=\"screen-reader-text\">fotografov\u00e9<\/span><\/a><\/p>\n","protected":false},"author":1,"featured_media":0,"parent":0,"menu_order":0,"comment_status":"closed","ping_status":"closed","template":"template-parts\/tpl-photographers.php","meta":{"inline_featured_image":false,"footnotes":""},"acf":[],"yoast_head":"<!-- This site is optimized with the Yoast SEO plugin v22.5 - https:\/\/yoast.com\/wordpress\/plugins\/seo\/ -->\n<title>fotografov\u00e9 - n\u00e1zev Piston Addict<\/title>\n<meta name=\"robots\" content=\"index, follow, max-snippet:-1, max-image-preview:large, max-video-preview:-1\" \/>\n<link rel=\"canonical\" href=\"https:\/\/pistonaddict.com\/cs\/fotografove\/\" \/>\n<meta property=\"og:locale\" content=\"cs_CZ\" \/>\n<meta property=\"og:type\" content=\"article\" \/>\n<meta property=\"og:title\" content=\"fotografov\u00e9 - n\u00e1zev Piston Addict\" \/>\n<meta property=\"og:description\" content=\"fotografov\u00e9 Slu\u017eba profesion\u00e1ln\u00edch fotograf\u016f na dosah ruky Piston Addict v\u00e1m nab\u00edz\u00ed bezplatnou lokaliza\u010dn\u00ed slu\u017ebu pro profesion\u00e1ln\u00ed fotografy ve va\u0161\u00ed oblasti. D\u00edky jejich obr\u00e1zk\u016fm bude va\u0161e vozidlo sublimov\u00e1no. Vybudovali jsme s\u00ed\u0165 v\u00edce ne\u017e X fotograf\u016f v zem\u00edch. Jakmile si vyberete sv\u00e9ho fotografa, zveme v\u00e1s, abyste jej kontaktovali p\u0159\u00edmo prost\u0159ednictv\u00edm jeho e-mailov\u00e9 adresy nebo telefonn\u00edho \u010d\u00edsla uveden\u00e9ho ... P\u0159e\u010dt\u011bte si v\u00edcefotografov\u00e9\" \/>\n<meta property=\"og:url\" content=\"https:\/\/pistonaddict.com\/cs\/fotografove\/\" \/>\n<meta property=\"og:site_name\" content=\"Piston Addict\" \/>\n<meta property=\"article:modified_time\" content=\"2022-05-04T16:00:14+00:00\" \/>\n<meta name=\"twitter:card\" content=\"summary_large_image\" \/>\n<script type=\"application\/ld+json\" class=\"yoast-schema-graph\">{\"@context\":\"https:\/\/schema.org\",\"@graph\":[{\"@type\":\"WebPage\",\"@id\":\"https:\/\/pistonaddict.com\/cs\/fotografove\/\",\"url\":\"https:\/\/pistonaddict.com\/cs\/fotografove\/\",\"name\":\"fotografov\u00e9 - n\u00e1zev Piston Addict\",\"isPartOf\":{\"@id\":\"https:\/\/pistonaddict.com\/cs\/#website\"},\"datePublished\":\"2022-04-21T08:08:27+00:00\",\"dateModified\":\"2022-05-04T16:00:14+00:00\",\"breadcrumb\":{\"@id\":\"https:\/\/pistonaddict.com\/cs\/fotografove\/#breadcrumb\"},\"inLanguage\":\"cs\",\"potentialAction\":[{\"@type\":\"ReadAction\",\"target\":[\"https:\/\/pistonaddict.com\/cs\/fotografove\/\"]}]},{\"@type\":\"BreadcrumbList\",\"@id\":\"https:\/\/pistonaddict.com\/cs\/fotografove\/#breadcrumb\",\"itemListElement\":[{\"@type\":\"ListItem\",\"position\":1,\"name\":\"Domovsk\u00e1 str\u00e1nka\",\"item\":\"https:\/\/pistonaddict.com\/cs\/domovska-stranka-2\/\"},{\"@type\":\"ListItem\",\"position\":2,\"name\":\"fotografov\u00e9\"}]},{\"@type\":\"WebSite\",\"@id\":\"https:\/\/pistonaddict.com\/cs\/#website\",\"url\":\"https:\/\/pistonaddict.com\/cs\/\",\"name\":\"Piston Addict\",\"description\":\"Only interesting vehicles\",\"publisher\":{\"@id\":\"https:\/\/pistonaddict.com\/cs\/#organization\"},\"potentialAction\":[{\"@type\":\"SearchAction\",\"target\":{\"@type\":\"EntryPoint\",\"urlTemplate\":\"https:\/\/pistonaddict.com\/cs\/?s={search_term_string}\"},\"query-input\":\"required name=search_term_string\"}],\"inLanguage\":\"cs\"},{\"@type\":\"Organization\",\"@id\":\"https:\/\/pistonaddict.com\/cs\/#organization\",\"name\":\"Piston Addict\",\"url\":\"https:\/\/pistonaddict.com\/cs\/\",\"logo\":{\"@type\":\"ImageObject\",\"inLanguage\":\"cs\",\"@id\":\"https:\/\/pistonaddict.com\/cs\/#\/schema\/logo\/image\/\",\"url\":\"https:\/\/pistonaddict.com\/wp-content\/uploads\/2022\/07\/logo-6.png\",\"contentUrl\":\"https:\/\/pistonaddict.com\/wp-content\/uploads\/2022\/07\/logo-6.png\",\"width\":970,\"height\":200,\"caption\":\"Piston Addict\"},\"image\":{\"@id\":\"https:\/\/pistonaddict.com\/cs\/#\/schema\/logo\/image\/\"}}]}<\/script>\n<!-- \/ Yoast SEO plugin. -->","yoast_head_json":{"title":"fotografov\u00e9 - n\u00e1zev Piston Addict","robots":{"index":"index","follow":"follow","max-snippet":"max-snippet:-1","max-image-preview":"max-image-preview:large","max-video-preview":"max-video-preview:-1"},"canonical":"https:\/\/pistonaddict.com\/cs\/fotografove\/","og_locale":"cs_CZ","og_type":"article","og_title":"fotografov\u00e9 - n\u00e1zev Piston Addict","og_description":"fotografov\u00e9 Slu\u017eba profesion\u00e1ln\u00edch fotograf\u016f na dosah ruky Piston Addict v\u00e1m nab\u00edz\u00ed bezplatnou lokaliza\u010dn\u00ed slu\u017ebu pro profesion\u00e1ln\u00ed fotografy ve va\u0161\u00ed oblasti. D\u00edky jejich obr\u00e1zk\u016fm bude va\u0161e vozidlo sublimov\u00e1no. Vybudovali jsme s\u00ed\u0165 v\u00edce ne\u017e X fotograf\u016f v zem\u00edch. Jakmile si vyberete sv\u00e9ho fotografa, zveme v\u00e1s, abyste jej kontaktovali p\u0159\u00edmo prost\u0159ednictv\u00edm jeho e-mailov\u00e9 adresy nebo telefonn\u00edho \u010d\u00edsla uveden\u00e9ho ... P\u0159e\u010dt\u011bte si v\u00edcefotografov\u00e9","og_url":"https:\/\/pistonaddict.com\/cs\/fotografove\/","og_site_name":"Piston Addict","article_modified_time":"2022-05-04T16:00:14+00:00","twitter_card":"summary_large_image","schema":{"@context":"https:\/\/schema.org","@graph":[{"@type":"WebPage","@id":"https:\/\/pistonaddict.com\/cs\/fotografove\/","url":"https:\/\/pistonaddict.com\/cs\/fotografove\/","name":"fotografov\u00e9 - n\u00e1zev Piston Addict","isPartOf":{"@id":"https:\/\/pistonaddict.com\/cs\/#website"},"datePublished":"2022-04-21T08:08:27+00:00","dateModified":"2022-05-04T16:00:14+00:00","breadcrumb":{"@id":"https:\/\/pistonaddict.com\/cs\/fotografove\/#breadcrumb"},"inLanguage":"cs","potentialAction":[{"@type":"ReadAction","target":["https:\/\/pistonaddict.com\/cs\/fotografove\/"]}]},{"@type":"BreadcrumbList","@id":"https:\/\/pistonaddict.com\/cs\/fotografove\/#breadcrumb","itemListElement":[{"@type":"ListItem","position":1,"name":"Domovsk\u00e1 str\u00e1nka","item":"https:\/\/pistonaddict.com\/cs\/domovska-stranka-2\/"},{"@type":"ListItem","position":2,"name":"fotografov\u00e9"}]},{"@type":"WebSite","@id":"https:\/\/pistonaddict.com\/cs\/#website","url":"https:\/\/pistonaddict.com\/cs\/","name":"Piston Addict","description":"Only interesting vehicles","publisher":{"@id":"https:\/\/pistonaddict.com\/cs\/#organization"},"potentialAction":[{"@type":"SearchAction","target":{"@type":"EntryPoint","urlTemplate":"https:\/\/pistonaddict.com\/cs\/?s={search_term_string}"},"query-input":"required name=search_term_string"}],"inLanguage":"cs"},{"@type":"Organization","@id":"https:\/\/pistonaddict.com\/cs\/#organization","name":"Piston Addict","url":"https:\/\/pistonaddict.com\/cs\/","logo":{"@type":"ImageObject","inLanguage":"cs","@id":"https:\/\/pistonaddict.com\/cs\/#\/schema\/logo\/image\/","url":"https:\/\/pistonaddict.com\/wp-content\/uploads\/2022\/07\/logo-6.png","contentUrl":"https:\/\/pistonaddict.com\/wp-content\/uploads\/2022\/07\/logo-6.png","width":970,"height":200,"caption":"Piston Addict"},"image":{"@id":"https:\/\/pistonaddict.com\/cs\/#\/schema\/logo\/image\/"}}]}},"_links":{"self":[{"href":"https:\/\/pistonaddict.com\/cs\/wp-json\/wp\/v2\/pages\/2364"}],"collection":[{"href":"https:\/\/pistonaddict.com\/cs\/wp-json\/wp\/v2\/pages"}],"about":[{"href":"https:\/\/pistonaddict.com\/cs\/wp-json\/wp\/v2\/types\/page"}],"author":[{"embeddable":true,"href":"https:\/\/pistonaddict.com\/cs\/wp-json\/wp\/v2\/users\/1"}],"replies":[{"embeddable":true,"href":"https:\/\/pistonaddict.com\/cs\/wp-json\/wp\/v2\/comments?post=2364"}],"version-history":[{"count":2,"href":"https:\/\/pistonaddict.com\/cs\/wp-json\/wp\/v2\/pages\/2364\/revisions"}],"predecessor-version":[{"id":4335,"href":"https:\/\/pistonaddict.com\/cs\/wp-json\/wp\/v2\/pages\/2364\/revisions\/4335"}],"wp:attachment":[{"href":"https:\/\/pistonaddict.com\/cs\/wp-json\/wp\/v2\/media?parent=2364"}],"curies":[{"name":"wp","href":"https:\/\/api.w.org\/{rel}","templated":true}]}}