{"id":22622,"date":"2022-04-20T13:00:00","date_gmt":"2022-04-20T11:00:00","guid":{"rendered":"https:\/\/pistonaddict.com\/prepinace\/"},"modified":"2023-01-04T12:23:04","modified_gmt":"2023-01-04T11:23:04","slug":"prepinace","status":"publish","type":"page","link":"https:\/\/pistonaddict.com\/cs\/prepinace\/","title":{"rendered":"P\u0159ep\u00edna\u010de"},"content":{"rendered":"\t\t<div data-elementor-type=\"wp-page\" data-elementor-id=\"22622\" class=\"elementor elementor-22622 elementor-19002\">\n\t\t\t\t\t\t<section class=\"elementor-section elementor-top-section elementor-element elementor-element-3668bb8 elementor-section-full_width elementor-section-content-middle banniere-page elementor-section-height-default elementor-section-height-default\" data-id=\"3668bb8\" data-element_type=\"section\" data-settings=\"{&quot;background_background&quot;:&quot;classic&quot;}\">\n\t\t\t\t\t\t<div class=\"elementor-container elementor-column-gap-default\">\n\t\t\t\t\t<div class=\"elementor-column elementor-col-100 elementor-top-column elementor-element elementor-element-b2088b2\" data-id=\"b2088b2\" data-element_type=\"column\">\n\t\t\t<div class=\"elementor-widget-wrap elementor-element-populated\">\n\t\t\t\t\t\t<div class=\"elementor-element elementor-element-26e06c0 elementor-widget elementor-widget-heading\" data-id=\"26e06c0\" data-element_type=\"widget\" data-widget_type=\"heading.default\">\n\t\t\t\t<div class=\"elementor-widget-container\">\n\t\t\t<style>\/*! elementor - v3.21.0 - 18-04-2024 *\/\n.elementor-heading-title{padding:0;margin:0;line-height:1}.elementor-widget-heading .elementor-heading-title[class*=elementor-size-]>a{color:inherit;font-size:inherit;line-height:inherit}.elementor-widget-heading .elementor-heading-title.elementor-size-small{font-size:15px}.elementor-widget-heading .elementor-heading-title.elementor-size-medium{font-size:19px}.elementor-widget-heading .elementor-heading-title.elementor-size-large{font-size:29px}.elementor-widget-heading .elementor-heading-title.elementor-size-xl{font-size:39px}.elementor-widget-heading .elementor-heading-title.elementor-size-xxl{font-size:59px}<\/style><h1 class=\"elementor-heading-title elementor-size-default\">O spole\u010dnosti Piston Addict<\/h1>\t\t<\/div>\n\t\t\t\t<\/div>\n\t\t\t\t\t<\/div>\n\t\t<\/div>\n\t\t\t\t\t<\/div>\n\t\t<\/section>\n\t\t\t\t<section class=\"elementor-section elementor-top-section elementor-element elementor-element-62ecd00 elementor-section-full_width descs elementor-section-height-default elementor-section-height-default\" data-id=\"62ecd00\" data-element_type=\"section\">\n\t\t\t\t\t\t<div class=\"elementor-container elementor-column-gap-default\">\n\t\t\t\t\t<div class=\"elementor-column elementor-col-100 elementor-top-column elementor-element elementor-element-cae2e10\" data-id=\"cae2e10\" data-element_type=\"column\">\n\t\t\t<div class=\"elementor-widget-wrap elementor-element-populated\">\n\t\t\t\t\t\t<div class=\"elementor-element elementor-element-174bee4 elementor-widget elementor-widget-text-editor\" data-id=\"174bee4\" data-element_type=\"widget\" data-widget_type=\"text-editor.default\">\n\t\t\t\t<div class=\"elementor-widget-container\">\n\t\t\t<style>\/*! elementor - v3.21.0 - 18-04-2024 *\/\n.elementor-widget-text-editor.elementor-drop-cap-view-stacked .elementor-drop-cap{background-color:#69727d;color:#fff}.elementor-widget-text-editor.elementor-drop-cap-view-framed .elementor-drop-cap{color:#69727d;border:3px solid;background-color:transparent}.elementor-widget-text-editor:not(.elementor-drop-cap-view-default) .elementor-drop-cap{margin-top:8px}.elementor-widget-text-editor:not(.elementor-drop-cap-view-default) .elementor-drop-cap-letter{width:1em;height:1em}.elementor-widget-text-editor .elementor-drop-cap{float:left;text-align:center;line-height:1;font-size:50px}.elementor-widget-text-editor .elementor-drop-cap-letter{display:inline-block}<\/style>\t\t\t\t<\/p>\n<h2>Na\u0161e historie<\/h2>\n<p>Piston Addict je online auk\u010dn\u00ed platforma specializuj\u00edc\u00ed se na v\u00fdjime\u010dn\u00e1 vozidla.  <\/p>\n<p>Od mali\u010dka jsme automobilov\u00ed nad\u0161enci, a proto pro n\u00e1s bylo d\u016fle\u017eit\u00e9 zp\u0159\u00edstupnit prodej a n\u00e1kup automobil\u016f a motocykl\u016f a umo\u017enit v\u00e1m prodat nebo koupit vozidlo, a\u0165 jste kdekoli. jste na\u0161li.<\/p>\n<p>Spole\u010dnost Piston Addict se zrodila s touhou p\u0159in\u00e9st revoluci na trhu s ojet\u00fdmi vozidly t\u00edm nejjednodu\u0161\u0161\u00edm, nejplynulej\u0161\u00edm a nejtransparentn\u011bj\u0161\u00edm zp\u016fsobem: k z\u00edsk\u00e1n\u00ed a prodeji zaj\u00edmav\u00fdch vozidel sta\u010d\u00ed kliknut\u00ed nebo aukce. nad\u0161enc\u016f.<\/p>\n<h2> <\/h2>\n<h2>Jak pracujeme<\/h2>\n<p>Piston Addict m\u011bn\u00ed zp\u016fsob prodeje a n\u00e1kupu klasick\u00fdch, sb\u011bratelsk\u00fdch a nad\u0161eneck\u00fdch vozidel.<\/p>\n<p>Ka\u017ed\u00e9 p\u0159edlo\u017een\u00e9 vozidlo zkoum\u00e1me s nejv\u011bt\u0161\u00ed pozornost\u00ed: ve spole\u010dnosti Piston Addict najdete t\u00fdm nad\u0161enc\u016f, kte\u0159\u00ed jsou odborn\u00edky na star\u00e9 nebo modern\u00ed vozy.<\/p>\n<p>Na\u0161e aukce nab\u00edzej\u00ed plnou transparentnost, obs\u00e1hlej\u0161\u00ed nab\u00eddky a spravedliv\u011bj\u0161\u00ed poplatky ve srovn\u00e1n\u00ed s tradi\u010dn\u00edmi platformami. Vyb\u00edr\u00e1me \u0161irokou \u0161k\u00e1lu zna\u010dek, model\u016f a typ\u016f vozidel: chceme vid\u011bt tolik druh\u016f, kolik si jen m\u016f\u017eete p\u0159\u00e1t!<\/p>\n\t\t\t\t\t\t<\/div>\n\t\t\t\t<\/div>\n\t\t\t\t\t<\/div>\n\t\t<\/div>\n\t\t\t\t\t<\/div>\n\t\t<\/section>\n\t\t\t\t<section class=\"elementor-section elementor-top-section elementor-element elementor-element-38f2e81 elementor-section-content-middle story elementor-section-boxed elementor-section-height-default elementor-section-height-default\" data-id=\"38f2e81\" data-element_type=\"section\" data-settings=\"{&quot;background_background&quot;:&quot;gradient&quot;}\">\n\t\t\t\t\t\t<div class=\"elementor-container elementor-column-gap-default\">\n\t\t\t\t\t<div class=\"elementor-column elementor-col-100 elementor-top-column elementor-element elementor-element-71b8e7e\" data-id=\"71b8e7e\" data-element_type=\"column\">\n\t\t\t<div class=\"elementor-widget-wrap elementor-element-populated\">\n\t\t\t\t\t\t<div class=\"elementor-element elementor-element-205cd4d elementor-widget elementor-widget-text-editor\" data-id=\"205cd4d\" data-element_type=\"widget\" data-widget_type=\"text-editor.default\">\n\t\t\t\t<div class=\"elementor-widget-container\">\n\t\t\t\t\t\t\t\n          <h3>Sv\u011bdectv\u00ed<\/h3>\n          <p>Jsme r\u00e1di, kdy\u017e n\u00e1m kupuj\u00edc\u00ed a prod\u00e1vaj\u00edc\u00ed vypr\u00e1v\u011bj\u00ed o sv\u00fdch dobr\u00fdch zku\u0161enostech s na\u0161imi str\u00e1nkami.<\/p>\n          <p>Po\u0161lete n\u00e1m sv\u016fj p\u0159\u00edb\u011bh o koupi nebo prodeji s n\u011bkolika zaj\u00edmav\u00fdmi fotografiemi a my zve\u0159ejn\u00edme va\u0161e sv\u011bdectv\u00ed.<\/p>\n          <p>\n            <a href=\"mailto:contact@pistonaddict.com\">Po\u0161lete sv\u00e9 sv\u011bdectv\u00ed<\/a>\n          <\/p>\n        \t\t\t\t\t\t<\/div>\n\t\t\t\t<\/div>\n\t\t\t\t\t<\/div>\n\t\t<\/div>\n\t\t\t\t\t<\/div>\n\t\t<\/section>\n\t\t\t\t<\/div>\n\t\t","protected":false},"excerpt":{"rendered":"<p>O spole\u010dnosti Piston Addict Na\u0161e historie Piston Addict je online auk\u010dn\u00ed platforma specializuj\u00edc\u00ed se na v\u00fdjime\u010dn\u00e1 vozidla. Od mali\u010dka jsme automobilov\u00ed nad\u0161enci, a proto pro n\u00e1s bylo d\u016fle\u017eit\u00e9 zp\u0159\u00edstupnit prodej a n\u00e1kup automobil\u016f a motocykl\u016f a umo\u017enit v\u00e1m prodat nebo koupit vozidlo, a\u0165 jste kdekoli. jste na\u0161li. Spole\u010dnost Piston Addict se zrodila s touhou p\u0159in\u00e9st &#8230; <a title=\"P\u0159ep\u00edna\u010de\" class=\"read-more\" href=\"https:\/\/pistonaddict.com\/cs\/prepinace\/\">P\u0159e\u010dt\u011bte si v\u00edce<span class=\"screen-reader-text\">P\u0159ep\u00edna\u010de<\/span><\/a><\/p>\n","protected":false},"author":1,"featured_media":0,"parent":0,"menu_order":0,"comment_status":"closed","ping_status":"closed","template":"","meta":{"inline_featured_image":false,"footnotes":""},"acf":[],"yoast_head":"<!-- This site is optimized with the Yoast SEO plugin v22.5 - https:\/\/yoast.com\/wordpress\/plugins\/seo\/ -->\n<title>P\u0159ep\u00edna\u010de - n\u00e1zev Piston Addict<\/title>\n<meta name=\"robots\" content=\"index, follow, max-snippet:-1, max-image-preview:large, max-video-preview:-1\" \/>\n<link rel=\"canonical\" href=\"https:\/\/pistonaddict.com\/cs\/prepinace\/\" \/>\n<meta property=\"og:locale\" content=\"cs_CZ\" \/>\n<meta property=\"og:type\" content=\"article\" \/>\n<meta property=\"og:title\" content=\"P\u0159ep\u00edna\u010de - n\u00e1zev Piston Addict\" \/>\n<meta property=\"og:description\" content=\"O spole\u010dnosti Piston Addict Na\u0161e historie Piston Addict je online auk\u010dn\u00ed platforma specializuj\u00edc\u00ed se na v\u00fdjime\u010dn\u00e1 vozidla. Od mali\u010dka jsme automobilov\u00ed nad\u0161enci, a proto pro n\u00e1s bylo d\u016fle\u017eit\u00e9 zp\u0159\u00edstupnit prodej a n\u00e1kup automobil\u016f a motocykl\u016f a umo\u017enit v\u00e1m prodat nebo koupit vozidlo, a\u0165 jste kdekoli. jste na\u0161li. Spole\u010dnost Piston Addict se zrodila s touhou p\u0159in\u00e9st ... P\u0159e\u010dt\u011bte si v\u00edceP\u0159ep\u00edna\u010de\" \/>\n<meta property=\"og:url\" content=\"https:\/\/pistonaddict.com\/cs\/prepinace\/\" \/>\n<meta property=\"og:site_name\" content=\"Piston Addict\" \/>\n<meta property=\"article:modified_time\" content=\"2023-01-04T11:23:04+00:00\" \/>\n<meta name=\"twitter:card\" content=\"summary_large_image\" \/>\n<meta name=\"twitter:label1\" content=\"Odhadovan\u00e1 doba \u010dten\u00ed\" \/>\n\t<meta name=\"twitter:data1\" content=\"1 minuta\" \/>\n<script type=\"application\/ld+json\" class=\"yoast-schema-graph\">{\"@context\":\"https:\/\/schema.org\",\"@graph\":[{\"@type\":\"WebPage\",\"@id\":\"https:\/\/pistonaddict.com\/cs\/prepinace\/\",\"url\":\"https:\/\/pistonaddict.com\/cs\/prepinace\/\",\"name\":\"P\u0159ep\u00edna\u010de - n\u00e1zev Piston Addict\",\"isPartOf\":{\"@id\":\"https:\/\/pistonaddict.com\/cs\/#website\"},\"datePublished\":\"2022-04-20T11:00:00+00:00\",\"dateModified\":\"2023-01-04T11:23:04+00:00\",\"breadcrumb\":{\"@id\":\"https:\/\/pistonaddict.com\/cs\/prepinace\/#breadcrumb\"},\"inLanguage\":\"cs\",\"potentialAction\":[{\"@type\":\"ReadAction\",\"target\":[\"https:\/\/pistonaddict.com\/cs\/prepinace\/\"]}]},{\"@type\":\"BreadcrumbList\",\"@id\":\"https:\/\/pistonaddict.com\/cs\/prepinace\/#breadcrumb\",\"itemListElement\":[{\"@type\":\"ListItem\",\"position\":1,\"name\":\"Domovsk\u00e1 str\u00e1nka\",\"item\":\"https:\/\/pistonaddict.com\/cs\/domovska-stranka-2\/\"},{\"@type\":\"ListItem\",\"position\":2,\"name\":\"P\u0159ep\u00edna\u010de\"}]},{\"@type\":\"WebSite\",\"@id\":\"https:\/\/pistonaddict.com\/cs\/#website\",\"url\":\"https:\/\/pistonaddict.com\/cs\/\",\"name\":\"Piston Addict\",\"description\":\"Only interesting vehicles\",\"publisher\":{\"@id\":\"https:\/\/pistonaddict.com\/cs\/#organization\"},\"potentialAction\":[{\"@type\":\"SearchAction\",\"target\":{\"@type\":\"EntryPoint\",\"urlTemplate\":\"https:\/\/pistonaddict.com\/cs\/?s={search_term_string}\"},\"query-input\":\"required name=search_term_string\"}],\"inLanguage\":\"cs\"},{\"@type\":\"Organization\",\"@id\":\"https:\/\/pistonaddict.com\/cs\/#organization\",\"name\":\"Piston Addict\",\"url\":\"https:\/\/pistonaddict.com\/cs\/\",\"logo\":{\"@type\":\"ImageObject\",\"inLanguage\":\"cs\",\"@id\":\"https:\/\/pistonaddict.com\/cs\/#\/schema\/logo\/image\/\",\"url\":\"https:\/\/pistonaddict.com\/wp-content\/uploads\/2022\/07\/logo-6.png\",\"contentUrl\":\"https:\/\/pistonaddict.com\/wp-content\/uploads\/2022\/07\/logo-6.png\",\"width\":970,\"height\":200,\"caption\":\"Piston Addict\"},\"image\":{\"@id\":\"https:\/\/pistonaddict.com\/cs\/#\/schema\/logo\/image\/\"}}]}<\/script>\n<!-- \/ Yoast SEO plugin. -->","yoast_head_json":{"title":"P\u0159ep\u00edna\u010de - n\u00e1zev Piston Addict","robots":{"index":"index","follow":"follow","max-snippet":"max-snippet:-1","max-image-preview":"max-image-preview:large","max-video-preview":"max-video-preview:-1"},"canonical":"https:\/\/pistonaddict.com\/cs\/prepinace\/","og_locale":"cs_CZ","og_type":"article","og_title":"P\u0159ep\u00edna\u010de - n\u00e1zev Piston Addict","og_description":"O spole\u010dnosti Piston Addict Na\u0161e historie Piston Addict je online auk\u010dn\u00ed platforma specializuj\u00edc\u00ed se na v\u00fdjime\u010dn\u00e1 vozidla. Od mali\u010dka jsme automobilov\u00ed nad\u0161enci, a proto pro n\u00e1s bylo d\u016fle\u017eit\u00e9 zp\u0159\u00edstupnit prodej a n\u00e1kup automobil\u016f a motocykl\u016f a umo\u017enit v\u00e1m prodat nebo koupit vozidlo, a\u0165 jste kdekoli. jste na\u0161li. Spole\u010dnost Piston Addict se zrodila s touhou p\u0159in\u00e9st ... P\u0159e\u010dt\u011bte si v\u00edceP\u0159ep\u00edna\u010de","og_url":"https:\/\/pistonaddict.com\/cs\/prepinace\/","og_site_name":"Piston Addict","article_modified_time":"2023-01-04T11:23:04+00:00","twitter_card":"summary_large_image","twitter_misc":{"Odhadovan\u00e1 doba \u010dten\u00ed":"1 minuta"},"schema":{"@context":"https:\/\/schema.org","@graph":[{"@type":"WebPage","@id":"https:\/\/pistonaddict.com\/cs\/prepinace\/","url":"https:\/\/pistonaddict.com\/cs\/prepinace\/","name":"P\u0159ep\u00edna\u010de - n\u00e1zev Piston Addict","isPartOf":{"@id":"https:\/\/pistonaddict.com\/cs\/#website"},"datePublished":"2022-04-20T11:00:00+00:00","dateModified":"2023-01-04T11:23:04+00:00","breadcrumb":{"@id":"https:\/\/pistonaddict.com\/cs\/prepinace\/#breadcrumb"},"inLanguage":"cs","potentialAction":[{"@type":"ReadAction","target":["https:\/\/pistonaddict.com\/cs\/prepinace\/"]}]},{"@type":"BreadcrumbList","@id":"https:\/\/pistonaddict.com\/cs\/prepinace\/#breadcrumb","itemListElement":[{"@type":"ListItem","position":1,"name":"Domovsk\u00e1 str\u00e1nka","item":"https:\/\/pistonaddict.com\/cs\/domovska-stranka-2\/"},{"@type":"ListItem","position":2,"name":"P\u0159ep\u00edna\u010de"}]},{"@type":"WebSite","@id":"https:\/\/pistonaddict.com\/cs\/#website","url":"https:\/\/pistonaddict.com\/cs\/","name":"Piston Addict","description":"Only interesting vehicles","publisher":{"@id":"https:\/\/pistonaddict.com\/cs\/#organization"},"potentialAction":[{"@type":"SearchAction","target":{"@type":"EntryPoint","urlTemplate":"https:\/\/pistonaddict.com\/cs\/?s={search_term_string}"},"query-input":"required name=search_term_string"}],"inLanguage":"cs"},{"@type":"Organization","@id":"https:\/\/pistonaddict.com\/cs\/#organization","name":"Piston Addict","url":"https:\/\/pistonaddict.com\/cs\/","logo":{"@type":"ImageObject","inLanguage":"cs","@id":"https:\/\/pistonaddict.com\/cs\/#\/schema\/logo\/image\/","url":"https:\/\/pistonaddict.com\/wp-content\/uploads\/2022\/07\/logo-6.png","contentUrl":"https:\/\/pistonaddict.com\/wp-content\/uploads\/2022\/07\/logo-6.png","width":970,"height":200,"caption":"Piston Addict"},"image":{"@id":"https:\/\/pistonaddict.com\/cs\/#\/schema\/logo\/image\/"}}]}},"_links":{"self":[{"href":"https:\/\/pistonaddict.com\/cs\/wp-json\/wp\/v2\/pages\/22622"}],"collection":[{"href":"https:\/\/pistonaddict.com\/cs\/wp-json\/wp\/v2\/pages"}],"about":[{"href":"https:\/\/pistonaddict.com\/cs\/wp-json\/wp\/v2\/types\/page"}],"author":[{"embeddable":true,"href":"https:\/\/pistonaddict.com\/cs\/wp-json\/wp\/v2\/users\/1"}],"replies":[{"embeddable":true,"href":"https:\/\/pistonaddict.com\/cs\/wp-json\/wp\/v2\/comments?post=22622"}],"version-history":[{"count":2,"href":"https:\/\/pistonaddict.com\/cs\/wp-json\/wp\/v2\/pages\/22622\/revisions"}],"predecessor-version":[{"id":22637,"href":"https:\/\/pistonaddict.com\/cs\/wp-json\/wp\/v2\/pages\/22622\/revisions\/22637"}],"wp:attachment":[{"href":"https:\/\/pistonaddict.com\/cs\/wp-json\/wp\/v2\/media?parent=22622"}],"curies":[{"name":"wp","href":"https:\/\/api.w.org\/{rel}","templated":true}]}}