{"id":10103,"date":"2022-06-12T14:30:57","date_gmt":"2022-06-12T12:30:57","guid":{"rendered":"https:\/\/pistonaddict.com\/predplatne\/"},"modified":"2023-10-03T14:38:40","modified_gmt":"2023-10-03T12:38:40","slug":"predplatne","status":"publish","type":"page","link":"https:\/\/pistonaddict.com\/cs\/predplatne\/","title":{"rendered":"Pod\u00e1n\u00ed"},"content":{"rendered":"\t\t<div data-elementor-type=\"wp-page\" data-elementor-id=\"10103\" class=\"elementor elementor-10103 elementor-10099\">\n\t\t\t\t\t\t<section class=\"elementor-section elementor-top-section elementor-element elementor-element-68d07eba elementor-section-full_width elementor-section-content-middle banniere-page elementor-section-height-default elementor-section-height-default\" data-id=\"68d07eba\" data-element_type=\"section\" data-settings=\"{&quot;background_background&quot;:&quot;classic&quot;}\">\n\t\t\t\t\t\t<div class=\"elementor-container elementor-column-gap-default\">\n\t\t\t\t\t<div class=\"elementor-column elementor-col-100 elementor-top-column elementor-element elementor-element-2f2c0a0f\" data-id=\"2f2c0a0f\" data-element_type=\"column\">\n\t\t\t<div class=\"elementor-widget-wrap elementor-element-populated\">\n\t\t\t\t\t\t<div class=\"elementor-element elementor-element-66f0411e elementor-widget elementor-widget-heading\" data-id=\"66f0411e\" data-element_type=\"widget\" data-widget_type=\"heading.default\">\n\t\t\t\t<div class=\"elementor-widget-container\">\n\t\t\t<style>\/*! elementor - v3.21.0 - 18-04-2024 *\/\n.elementor-heading-title{padding:0;margin:0;line-height:1}.elementor-widget-heading .elementor-heading-title[class*=elementor-size-]>a{color:inherit;font-size:inherit;line-height:inherit}.elementor-widget-heading .elementor-heading-title.elementor-size-small{font-size:15px}.elementor-widget-heading .elementor-heading-title.elementor-size-medium{font-size:19px}.elementor-widget-heading .elementor-heading-title.elementor-size-large{font-size:29px}.elementor-widget-heading .elementor-heading-title.elementor-size-xl{font-size:39px}.elementor-widget-heading .elementor-heading-title.elementor-size-xxl{font-size:59px}<\/style><h1 class=\"elementor-heading-title elementor-size-default\">P\u0159edlo\u017eit vozidlo<\/h1>\t\t<\/div>\n\t\t\t\t<\/div>\n\t\t\t\t\t<\/div>\n\t\t<\/div>\n\t\t\t\t\t<\/div>\n\t\t<\/section>\n\t\t\t\t<section class=\"elementor-section elementor-top-section elementor-element elementor-element-7f312235 elementor-section-full_width descs elementor-section-height-default elementor-section-height-default\" data-id=\"7f312235\" data-element_type=\"section\">\n\t\t\t\t\t\t<div class=\"elementor-container elementor-column-gap-default\">\n\t\t\t\t\t<div class=\"elementor-column elementor-col-66 elementor-top-column elementor-element elementor-element-807d336\" data-id=\"807d336\" data-element_type=\"column\">\n\t\t\t<div class=\"elementor-widget-wrap elementor-element-populated\">\n\t\t\t\t\t\t<div class=\"elementor-element elementor-element-722c94a2 elementor-widget elementor-widget-text-editor\" data-id=\"722c94a2\" data-element_type=\"widget\" data-widget_type=\"text-editor.default\">\n\t\t\t\t<div class=\"elementor-widget-container\">\n\t\t\t<style>\/*! elementor - v3.21.0 - 18-04-2024 *\/\n.elementor-widget-text-editor.elementor-drop-cap-view-stacked .elementor-drop-cap{background-color:#69727d;color:#fff}.elementor-widget-text-editor.elementor-drop-cap-view-framed .elementor-drop-cap{color:#69727d;border:3px solid;background-color:transparent}.elementor-widget-text-editor:not(.elementor-drop-cap-view-default) .elementor-drop-cap{margin-top:8px}.elementor-widget-text-editor:not(.elementor-drop-cap-view-default) .elementor-drop-cap-letter{width:1em;height:1em}.elementor-widget-text-editor .elementor-drop-cap{float:left;text-align:center;line-height:1;font-size:50px}.elementor-widget-text-editor .elementor-drop-cap-letter{display:inline-block}<\/style>\t\t\t\t\n          <h2>Ode\u0161lete sv\u016fj inzer\u00e1t je\u0161t\u011b dnes!<\/h2>\n          <p>Piston Addict je prost\u011b nejlep\u0161\u00ed zp\u016fsob, jak nakupovat a prod\u00e1vat nejlep\u0161\u00ed vozidla.<\/p>\n          <p>Poctiv\u00e9 nab\u00eddky, n\u00edzk\u00e9 poplatky a komunita nad\u0161enc\u016f.<\/p>\n        \t\t\t\t\t\t<\/div>\n\t\t\t\t<\/div>\n\t\t\t\t\t<\/div>\n\t\t<\/div>\n\t\t\t\t<div class=\"elementor-column elementor-col-33 elementor-top-column elementor-element elementor-element-469c0a2f\" data-id=\"469c0a2f\" data-element_type=\"column\">\n\t\t\t<div class=\"elementor-widget-wrap elementor-element-populated\">\n\t\t\t\t\t\t<div class=\"elementor-element elementor-element-1c2c8f98 elementor-widget elementor-widget-text-editor\" data-id=\"1c2c8f98\" data-element_type=\"widget\" data-widget_type=\"text-editor.default\">\n\t\t\t\t<div class=\"elementor-widget-container\">\n\t\t\t\t\t\t\t\n          <h3>M\u00e1te ot\u00e1zky?<\/h3>\n          \n\n          <a class=\"btn-custom\" href=\"https:\/\/pistonaddict.com\/cs\/nejcastejsi-dotazy\/\">Klikn\u011bte zde (FAQ)<\/a>\n        \t\t\t\t\t\t<\/div>\n\t\t\t\t<\/div>\n\t\t\t\t\t<\/div>\n\t\t<\/div>\n\t\t\t\t\t<\/div>\n\t\t<\/section>\n\t\t\t\t<section class=\"elementor-section elementor-top-section elementor-element elementor-element-6fb804e2 elementor-section-full_width elementor-section-height-default elementor-section-height-default\" data-id=\"6fb804e2\" data-element_type=\"section\">\n\t\t\t\t\t\t<div class=\"elementor-container elementor-column-gap-default\">\n\t\t\t\t\t<div class=\"elementor-column elementor-col-100 elementor-top-column elementor-element elementor-element-3c8122a1\" data-id=\"3c8122a1\" data-element_type=\"column\">\n\t\t\t<div class=\"elementor-widget-wrap elementor-element-populated\">\n\t\t\t\t\t\t<div class=\"elementor-element elementor-element-935356a elementor-widget elementor-widget-shortcode\" data-id=\"935356a\" data-element_type=\"widget\" data-widget_type=\"shortcode.default\">\n\t\t\t\t<div class=\"elementor-widget-container\">\n\t\t\t\t\t<div class=\"elementor-shortcode\">\n        <div class=\"dokan-subscription-content\">\n            \n            \n            \n                \n                \n                <div class=\"pack_content_wrapper\">\n\t\t\t\t<section id=\"tarifs\">\n\t\t\t\t\t<div class=\"grid-container\">\n\t\t\t\t\t\t\n                    \t\t\t\t<div class=\"block  \">\n\t\t\t\t\t\t\t<div class=\"top\">\n\t\t\t\t\t\t\t\t<div class=\"titre\">Klasick\u00fd<\/div>\n\t\t\t\t\t\t\t\t<div class=\"prix\"> <span class=\"woocommerce-Price-amount amount\"><bdi>99&nbsp;<span class=\"woocommerce-Price-currencySymbol\">&euro;<\/span><\/bdi><\/span>\t\t\t\t\t\t\t\t<br><span class=\"vat\">M\u016f\u017ee b\u00fdt uplatn\u011bna DPH<\/span><\/div>\n\t\t\t\t\t\t\t\t<div class=\"desc\">\n\t\t\t\t\t\t\t\t\tNejlep\u0161\u00ed m\u00edsto pro prodej vozidla. 99 \u20ac za odesl\u00e1n\u00ed, \u017e\u00e1dn\u00e9 dal\u0161\u00ed poplatky prodejci a vlastn\u00ed aukce na na\u0161ich str\u00e1nk\u00e1ch.\t\t\t\t\t\t\t\t\t<\/div>\n\t\t\t\t\t\t\t\t\n                                                                                                                        <a href=\"\/cs\/wp-json\/wp\/v2\/pages\/10103?add-to-cart=10052\" class=\"btn-custom dokan-btn dokan-btn-theme buy_product_pack\">Koupit nyn\u00ed<\/a>\n                                        \n                                                                    \t\t\t\t\t\t\t<\/div>\n\t\t\t\t\t\t\t<div class=\"bottom\">\n\t\t\t\t\t\t\t\t<strong>Jak to funguje?<\/strong>\n<ol>\n \t<li>P\u0159edplatn\u00e9 za 99 \u20ac<\/li>\n \t<li>Ode\u0161lete sv\u00e9 vozidlo<\/li>\n \t<li>P\u0159ij\u00edm\u00e1me to, pokud se shoduje<\/li>\n \t<li>Nap\u00ed\u0161eme v\u00e1\u0161 inzer\u00e1t<\/li>\n \t<li>Uprav\u00edte a schv\u00e1l\u00edte sv\u016fj inzer\u00e1t<\/li>\n \t<li>Va\u0161e reklama je online<\/li>\n<\/ol>\t\t\t\t\t\t\t<\/div>\n\t\t\t\t\t\t<\/div>\n\t\t\t\t\n\t\t\t\t\t\t \n                        \t\t\t\t<div class=\"block  \">\n\t\t\t\t\t\t\t<div class=\"top\">\n\t\t\t\t\t\t\t\t<div class=\"titre\">Pojistn\u00e9<\/div>\n\t\t\t\t\t\t\t\t<div class=\"prix\"> <span class=\"woocommerce-Price-amount amount\"><bdi>349&nbsp;<span class=\"woocommerce-Price-currencySymbol\">&euro;<\/span><\/bdi><\/span>\t\t\t\t\t\t\t\t<br><span class=\"vat\">M\u016f\u017ee b\u00fdt uplatn\u011bna DPH<\/span><\/div>\n\t\t\t\t\t\t\t\t<div class=\"desc\">\n\t\t\t\t\t\t\t\t\tStejn\u011b skv\u011bl\u00e9 slu\u017eby jako u nab\u00eddky Classic, ale s va\u0161\u00ed nab\u00eddkou uvedenou v na\u0161ich soci\u00e1ln\u00edch m\u00e9di\u00edch, na partnersk\u00fdch str\u00e1nk\u00e1ch a v na\u0161ich newsletterech, abyste kupuj\u00edc\u00edm pomohli s d\u016fv\u011brou a nad\u0161en\u00edm p\u0159ihazovat.\t\t\t\t\t\t\t\t\t<\/div>\n\t\t\t\t\t\t\t\t\n                                                                                                                        <a href=\"\/cs\/wp-json\/wp\/v2\/pages\/10103?add-to-cart=10076\" class=\"btn-custom dokan-btn dokan-btn-theme buy_product_pack\">Koupit nyn\u00ed<\/a>\n                                        \n                                                                    \t\t\t\t\t\t\t<\/div>\n\t\t\t\t\t\t\t<div class=\"bottom\">\n\t\t\t\t\t\t\t\t<strong>Jak to funguje?<\/strong>\n<ol>\n \t<li>P\u0159edplatn\u00e9 za 349 \u20ac<\/li>\n \t<li>Ode\u0161lete sv\u00e9 vozidlo<\/li>\n \t<li>P\u0159ij\u00edm\u00e1me to, pokud se shoduje<\/li>\n \t<li>Nap\u00ed\u0161eme v\u00e1\u0161 inzer\u00e1t<\/li>\n \t<li>Uprav\u00edte a schv\u00e1l\u00edte sv\u016fj inzer\u00e1t<\/li>\n \t<li>Va\u0161e reklama je online<\/li>\n \t<li>P\u0159ed\u00e1v\u00e1me je na na\u0161ich soci\u00e1ln\u00edch s\u00edt\u00edch, partnersk\u00fdch webech a v na\u0161ich zpravodaj\u00edch.<\/li>\n<\/ol>\t\t\t\t\t\t\t<\/div>\n\t\t\t\t\t\t<\/div>\n\t\t\t\t\n\t\t\t\t\t\t \n                                       <\/div><\/section><\/div><!-- .dokan-subscription-content -->\n                            <div class=\"clearfix\"><\/div>\n        <\/div><!-- .pack_content_wrapper -->\n        <\/div>\n\t\t\t\t<\/div>\n\t\t\t\t<\/div>\n\t\t\t\t<div class=\"elementor-element elementor-element-abecd62 elementor-widget elementor-widget-text-editor\" data-id=\"abecd62\" data-element_type=\"widget\" data-widget_type=\"text-editor.default\">\n\t\t\t\t<div class=\"elementor-widget-container\">\n\t\t\t\t\t\t\t<h2 style=\"text-align: center;color: #2d2d2d;font-size: 35px;margin-bottom: 15px;\">Jak prodat auto na PistonAddict.com ?<\/h2>\n                    <div class=\"single-video\">\n                    \t                        <div class=\"video\"><iframe width=\"560\" height=\"315\" src=\"https:\/\/www.youtube.com\/embed\/O3Y_LGkk7SA?si=lrPDABSM1_VbMAty&#038;cc_load_policy=1&#038;cc_lang_pref=cs\" title=\"YouTube video player\" frameborder=\"0\" allow=\"accelerometer; autoplay; clipboard-write; encrypted-media; gyroscope; picture-in-picture; web-share\" allowfullscreen><\/iframe><\/div>\n                    <\/div>\n                    \n\n&nbsp;\t\t\t\t\t\t<\/div>\n\t\t\t\t<\/div>\n\t\t\t\t\t<\/div>\n\t\t<\/div>\n\t\t\t\t\t<\/div>\n\t\t<\/section>\n\t\t\t\t<\/div>\n\t\t","protected":false},"excerpt":{"rendered":"<p>P\u0159edlo\u017eit vozidlo Ode\u0161lete sv\u016fj inzer\u00e1t je\u0161t\u011b dnes! Piston Addict je prost\u011b nejlep\u0161\u00ed zp\u016fsob, jak nakupovat a prod\u00e1vat nejlep\u0161\u00ed vozidla. Poctiv\u00e9 nab\u00eddky, n\u00edzk\u00e9 poplatky a komunita nad\u0161enc\u016f. M\u00e1te ot\u00e1zky? Klikn\u011bte zde (FAQ) Jak prodat auto na PistonAddict.com ? &nbsp;<\/p>\n","protected":false},"author":1,"featured_media":0,"parent":0,"menu_order":0,"comment_status":"closed","ping_status":"closed","template":"","meta":{"inline_featured_image":false,"footnotes":""},"acf":[],"yoast_head":"<!-- This site is optimized with the Yoast SEO plugin v22.5 - https:\/\/yoast.com\/wordpress\/plugins\/seo\/ -->\n<title>Pod\u00e1n\u00ed - n\u00e1zev Piston Addict<\/title>\n<meta name=\"robots\" content=\"index, follow, max-snippet:-1, max-image-preview:large, max-video-preview:-1\" \/>\n<link rel=\"canonical\" href=\"https:\/\/pistonaddict.com\/cs\/predplatne\/\" \/>\n<meta property=\"og:locale\" content=\"cs_CZ\" \/>\n<meta property=\"og:type\" content=\"article\" \/>\n<meta property=\"og:title\" content=\"Pod\u00e1n\u00ed - n\u00e1zev Piston Addict\" \/>\n<meta property=\"og:description\" content=\"P\u0159edlo\u017eit vozidlo Ode\u0161lete sv\u016fj inzer\u00e1t je\u0161t\u011b dnes! Piston Addict je prost\u011b nejlep\u0161\u00ed zp\u016fsob, jak nakupovat a prod\u00e1vat nejlep\u0161\u00ed vozidla. Poctiv\u00e9 nab\u00eddky, n\u00edzk\u00e9 poplatky a komunita nad\u0161enc\u016f. M\u00e1te ot\u00e1zky? Klikn\u011bte zde (FAQ) Jak prodat auto na PistonAddict.com ? &nbsp;\" \/>\n<meta property=\"og:url\" content=\"https:\/\/pistonaddict.com\/cs\/predplatne\/\" \/>\n<meta property=\"og:site_name\" content=\"Piston Addict\" \/>\n<meta property=\"article:modified_time\" content=\"2023-10-03T12:38:40+00:00\" \/>\n<meta name=\"twitter:card\" content=\"summary_large_image\" \/>\n<script type=\"application\/ld+json\" class=\"yoast-schema-graph\">{\"@context\":\"https:\/\/schema.org\",\"@graph\":[{\"@type\":\"WebPage\",\"@id\":\"https:\/\/pistonaddict.com\/cs\/predplatne\/\",\"url\":\"https:\/\/pistonaddict.com\/cs\/predplatne\/\",\"name\":\"Pod\u00e1n\u00ed - n\u00e1zev Piston Addict\",\"isPartOf\":{\"@id\":\"https:\/\/pistonaddict.com\/cs\/#website\"},\"datePublished\":\"2022-06-12T12:30:57+00:00\",\"dateModified\":\"2023-10-03T12:38:40+00:00\",\"breadcrumb\":{\"@id\":\"https:\/\/pistonaddict.com\/cs\/predplatne\/#breadcrumb\"},\"inLanguage\":\"cs\",\"potentialAction\":[{\"@type\":\"ReadAction\",\"target\":[\"https:\/\/pistonaddict.com\/cs\/predplatne\/\"]}]},{\"@type\":\"BreadcrumbList\",\"@id\":\"https:\/\/pistonaddict.com\/cs\/predplatne\/#breadcrumb\",\"itemListElement\":[{\"@type\":\"ListItem\",\"position\":1,\"name\":\"Domovsk\u00e1 str\u00e1nka\",\"item\":\"https:\/\/pistonaddict.com\/cs\/domovska-stranka-2\/\"},{\"@type\":\"ListItem\",\"position\":2,\"name\":\"Pod\u00e1n\u00ed\"}]},{\"@type\":\"WebSite\",\"@id\":\"https:\/\/pistonaddict.com\/cs\/#website\",\"url\":\"https:\/\/pistonaddict.com\/cs\/\",\"name\":\"Piston Addict\",\"description\":\"Only interesting vehicles\",\"publisher\":{\"@id\":\"https:\/\/pistonaddict.com\/cs\/#organization\"},\"potentialAction\":[{\"@type\":\"SearchAction\",\"target\":{\"@type\":\"EntryPoint\",\"urlTemplate\":\"https:\/\/pistonaddict.com\/cs\/?s={search_term_string}\"},\"query-input\":\"required name=search_term_string\"}],\"inLanguage\":\"cs\"},{\"@type\":\"Organization\",\"@id\":\"https:\/\/pistonaddict.com\/cs\/#organization\",\"name\":\"Piston Addict\",\"url\":\"https:\/\/pistonaddict.com\/cs\/\",\"logo\":{\"@type\":\"ImageObject\",\"inLanguage\":\"cs\",\"@id\":\"https:\/\/pistonaddict.com\/cs\/#\/schema\/logo\/image\/\",\"url\":\"https:\/\/pistonaddict.com\/wp-content\/uploads\/2022\/07\/logo-6.png\",\"contentUrl\":\"https:\/\/pistonaddict.com\/wp-content\/uploads\/2022\/07\/logo-6.png\",\"width\":970,\"height\":200,\"caption\":\"Piston Addict\"},\"image\":{\"@id\":\"https:\/\/pistonaddict.com\/cs\/#\/schema\/logo\/image\/\"}}]}<\/script>\n<!-- \/ Yoast SEO plugin. -->","yoast_head_json":{"title":"Pod\u00e1n\u00ed - n\u00e1zev Piston Addict","robots":{"index":"index","follow":"follow","max-snippet":"max-snippet:-1","max-image-preview":"max-image-preview:large","max-video-preview":"max-video-preview:-1"},"canonical":"https:\/\/pistonaddict.com\/cs\/predplatne\/","og_locale":"cs_CZ","og_type":"article","og_title":"Pod\u00e1n\u00ed - n\u00e1zev Piston Addict","og_description":"P\u0159edlo\u017eit vozidlo Ode\u0161lete sv\u016fj inzer\u00e1t je\u0161t\u011b dnes! Piston Addict je prost\u011b nejlep\u0161\u00ed zp\u016fsob, jak nakupovat a prod\u00e1vat nejlep\u0161\u00ed vozidla. Poctiv\u00e9 nab\u00eddky, n\u00edzk\u00e9 poplatky a komunita nad\u0161enc\u016f. M\u00e1te ot\u00e1zky? Klikn\u011bte zde (FAQ) Jak prodat auto na PistonAddict.com ? &nbsp;","og_url":"https:\/\/pistonaddict.com\/cs\/predplatne\/","og_site_name":"Piston Addict","article_modified_time":"2023-10-03T12:38:40+00:00","twitter_card":"summary_large_image","schema":{"@context":"https:\/\/schema.org","@graph":[{"@type":"WebPage","@id":"https:\/\/pistonaddict.com\/cs\/predplatne\/","url":"https:\/\/pistonaddict.com\/cs\/predplatne\/","name":"Pod\u00e1n\u00ed - n\u00e1zev Piston Addict","isPartOf":{"@id":"https:\/\/pistonaddict.com\/cs\/#website"},"datePublished":"2022-06-12T12:30:57+00:00","dateModified":"2023-10-03T12:38:40+00:00","breadcrumb":{"@id":"https:\/\/pistonaddict.com\/cs\/predplatne\/#breadcrumb"},"inLanguage":"cs","potentialAction":[{"@type":"ReadAction","target":["https:\/\/pistonaddict.com\/cs\/predplatne\/"]}]},{"@type":"BreadcrumbList","@id":"https:\/\/pistonaddict.com\/cs\/predplatne\/#breadcrumb","itemListElement":[{"@type":"ListItem","position":1,"name":"Domovsk\u00e1 str\u00e1nka","item":"https:\/\/pistonaddict.com\/cs\/domovska-stranka-2\/"},{"@type":"ListItem","position":2,"name":"Pod\u00e1n\u00ed"}]},{"@type":"WebSite","@id":"https:\/\/pistonaddict.com\/cs\/#website","url":"https:\/\/pistonaddict.com\/cs\/","name":"Piston Addict","description":"Only interesting vehicles","publisher":{"@id":"https:\/\/pistonaddict.com\/cs\/#organization"},"potentialAction":[{"@type":"SearchAction","target":{"@type":"EntryPoint","urlTemplate":"https:\/\/pistonaddict.com\/cs\/?s={search_term_string}"},"query-input":"required name=search_term_string"}],"inLanguage":"cs"},{"@type":"Organization","@id":"https:\/\/pistonaddict.com\/cs\/#organization","name":"Piston Addict","url":"https:\/\/pistonaddict.com\/cs\/","logo":{"@type":"ImageObject","inLanguage":"cs","@id":"https:\/\/pistonaddict.com\/cs\/#\/schema\/logo\/image\/","url":"https:\/\/pistonaddict.com\/wp-content\/uploads\/2022\/07\/logo-6.png","contentUrl":"https:\/\/pistonaddict.com\/wp-content\/uploads\/2022\/07\/logo-6.png","width":970,"height":200,"caption":"Piston Addict"},"image":{"@id":"https:\/\/pistonaddict.com\/cs\/#\/schema\/logo\/image\/"}}]}},"_links":{"self":[{"href":"https:\/\/pistonaddict.com\/cs\/wp-json\/wp\/v2\/pages\/10103"}],"collection":[{"href":"https:\/\/pistonaddict.com\/cs\/wp-json\/wp\/v2\/pages"}],"about":[{"href":"https:\/\/pistonaddict.com\/cs\/wp-json\/wp\/v2\/types\/page"}],"author":[{"embeddable":true,"href":"https:\/\/pistonaddict.com\/cs\/wp-json\/wp\/v2\/users\/1"}],"replies":[{"embeddable":true,"href":"https:\/\/pistonaddict.com\/cs\/wp-json\/wp\/v2\/comments?post=10103"}],"version-history":[{"count":5,"href":"https:\/\/pistonaddict.com\/cs\/wp-json\/wp\/v2\/pages\/10103\/revisions"}],"predecessor-version":[{"id":51794,"href":"https:\/\/pistonaddict.com\/cs\/wp-json\/wp\/v2\/pages\/10103\/revisions\/51794"}],"wp:attachment":[{"href":"https:\/\/pistonaddict.com\/cs\/wp-json\/wp\/v2\/media?parent=10103"}],"curies":[{"name":"wp","href":"https:\/\/api.w.org\/{rel}","templated":true}]}}